{"id":2860,"date":"2023-12-21T15:09:53","date_gmt":"2023-12-21T14:09:53","guid":{"rendered":"https:\/\/bocosurf.com\/full-time-internship-5-days\/"},"modified":"2025-11-26T13:21:19","modified_gmt":"2025-11-26T12:21:19","slug":"full-time-internship-5-days","status":"publish","type":"page","link":"https:\/\/bocosurf.com\/en\/full-time-internship-5-days\/","title":{"rendered":"Full-time internship 5 days"},"content":{"rendered":"\t\t<div data-elementor-type=\"wp-page\" data-elementor-id=\"2860\" class=\"elementor elementor-2860 elementor-1161\" data-elementor-post-type=\"page\">\n\t\t\t\t\t\t<section class=\"elementor-section elementor-top-section elementor-element elementor-element-6649e5c3 elementor-section-height-min-height elementor-section-items-stretch elementor-section-content-bottom elementor-hidden-tablet elementor-hidden-mobile elementor-section-boxed elementor-section-height-default\" data-id=\"6649e5c3\" data-element_type=\"section\" data-e-type=\"section\" data-settings=\"{&quot;background_background&quot;:&quot;classic&quot;}\">\n\t\t\t\t\t\t\t<div class=\"elementor-background-overlay\"><\/div>\n\t\t\t\t\t\t\t<div class=\"elementor-container elementor-column-gap-default\">\n\t\t\t\t\t<div class=\"elementor-column elementor-col-100 elementor-top-column elementor-element elementor-element-20f0ab00\" data-id=\"20f0ab00\" data-element_type=\"column\" data-e-type=\"column\">\n\t\t\t<div class=\"elementor-widget-wrap elementor-element-populated\">\n\t\t\t\t\t\t<section class=\"elementor-section elementor-inner-section elementor-element elementor-element-61de3e9 elementor-section-boxed elementor-section-height-default elementor-section-height-default\" data-id=\"61de3e9\" data-element_type=\"section\" data-e-type=\"section\">\n\t\t\t\t\t\t<div class=\"elementor-container elementor-column-gap-no\">\n\t\t\t\t\t<div class=\"elementor-column elementor-col-100 elementor-inner-column elementor-element elementor-element-2248b40a\" data-id=\"2248b40a\" data-element_type=\"column\" data-e-type=\"column\">\n\t\t\t<div class=\"elementor-widget-wrap\">\n\t\t\t\t\t\t\t<\/div>\n\t\t<\/div>\n\t\t\t\t\t<\/div>\n\t\t<\/section>\n\t\t\t\t\t<\/div>\n\t\t<\/div>\n\t\t\t\t\t<\/div>\n\t\t<\/section>\n\t\t\t\t<section class=\"elementor-section elementor-top-section elementor-element elementor-element-444d4c3a elementor-section-boxed elementor-section-height-default elementor-section-height-default\" data-id=\"444d4c3a\" data-element_type=\"section\" data-e-type=\"section\" data-settings=\"{&quot;background_background&quot;:&quot;classic&quot;}\">\n\t\t\t\t\t\t<div class=\"elementor-container elementor-column-gap-default\">\n\t\t\t\t\t<div class=\"elementor-column elementor-col-100 elementor-top-column elementor-element elementor-element-33a6523a\" data-id=\"33a6523a\" data-element_type=\"column\" data-e-type=\"column\">\n\t\t\t<div class=\"elementor-widget-wrap elementor-element-populated\">\n\t\t\t\t\t\t<div class=\"elementor-element elementor-element-43380c6e elementor-widget elementor-widget-heading\" data-id=\"43380c6e\" data-element_type=\"widget\" data-e-type=\"widget\" data-widget_type=\"heading.default\">\n\t\t\t\t<div class=\"elementor-widget-container\">\n\t\t\t\t\t<h1 class=\"elementor-heading-title elementor-size-default\">5-day full-time surfing course<\/h1>\t\t\t\t<\/div>\n\t\t\t\t<\/div>\n\t\t\t\t\t<\/div>\n\t\t<\/div>\n\t\t\t\t\t<\/div>\n\t\t<\/section>\n\t\t\t\t<section class=\"elementor-section elementor-top-section elementor-element elementor-element-5cf6a6eb elementor-section-boxed elementor-section-height-default elementor-section-height-default\" data-id=\"5cf6a6eb\" data-element_type=\"section\" data-e-type=\"section\" id=\"caminteresse\" data-settings=\"{&quot;background_background&quot;:&quot;classic&quot;}\">\n\t\t\t\t\t\t<div class=\"elementor-container elementor-column-gap-no\">\n\t\t\t\t\t<div class=\"elementor-column elementor-col-100 elementor-top-column elementor-element elementor-element-1dbc03a8\" data-id=\"1dbc03a8\" data-element_type=\"column\" data-e-type=\"column\">\n\t\t\t<div class=\"elementor-widget-wrap elementor-element-populated\">\n\t\t\t\t\t\t<section class=\"elementor-section elementor-inner-section elementor-element elementor-element-34440781 elementor-section-boxed elementor-section-height-default elementor-section-height-default\" data-id=\"34440781\" data-element_type=\"section\" data-e-type=\"section\" data-settings=\"{&quot;background_background&quot;:&quot;classic&quot;}\">\n\t\t\t\t\t\t<div class=\"elementor-container elementor-column-gap-no\">\n\t\t\t\t\t<div class=\"elementor-column elementor-col-50 elementor-inner-column elementor-element elementor-element-2ecb797c\" data-id=\"2ecb797c\" data-element_type=\"column\" data-e-type=\"column\" data-settings=\"{&quot;background_background&quot;:&quot;classic&quot;}\">\n\t\t\t<div class=\"elementor-widget-wrap elementor-element-populated\">\n\t\t\t\t\t\t<div class=\"elementor-element elementor-element-3734895b elementor-widget__width-initial elementor-widget elementor-widget-html\" data-id=\"3734895b\" data-element_type=\"widget\" data-e-type=\"widget\" data-widget_type=\"html.default\">\n\t\t\t\t<div class=\"elementor-widget-container\">\n\t\t\t\t\t<video poster=\"https:\/\/bocosurf.com\/wp-content\/uploads\/2024\/03\/surf-school-video-3.jpg\" playsinline=\"\" muted=\"\" onmouseover=\"this.play()\" onmouseout=\"this.pause();this.currentTime=0;\"><source src=\"https:\/\/bocosurf.com\/wp-content\/uploads\/2024\/03\/surf-school-lacanau-video-3.mp4\" type=\"video\/mp4\"><\/source><\/video>\r\n\t\t\t\t<\/div>\n\t\t\t\t<\/div>\n\t\t\t\t<div class=\"elementor-element elementor-element-17d3df70 elementor-widget__width-auto elementor-absolute elementor-widget elementor-widget-heading\" data-id=\"17d3df70\" data-element_type=\"widget\" data-e-type=\"widget\" data-settings=\"{&quot;_position&quot;:&quot;absolute&quot;}\" data-widget_type=\"heading.default\">\n\t\t\t\t<div class=\"elementor-widget-container\">\n\t\t\t\t\t<h2 class=\"elementor-heading-title elementor-size-default\">295\u20ac*<\/h2>\t\t\t\t<\/div>\n\t\t\t\t<\/div>\n\t\t\t\t<div class=\"elementor-element elementor-element-b2c9295 elementor-widget elementor-widget-text-editor\" data-id=\"b2c9295\" data-element_type=\"widget\" data-e-type=\"widget\" data-widget_type=\"text-editor.default\">\n\t\t\t\t<div class=\"elementor-widget-container\">\n\t\t\t\t\t\t\t\t\t<p>(*) 5 to 10% discount off-season for sessions taken at our North Beach School<\/p>\t\t\t\t\t\t\t\t<\/div>\n\t\t\t\t<\/div>\n\t\t\t\t<div class=\"elementor-element elementor-element-74d472a5 elementor-widget elementor-widget-heading\" data-id=\"74d472a5\" data-element_type=\"widget\" data-e-type=\"widget\" data-widget_type=\"heading.default\">\n\t\t\t\t<div class=\"elementor-widget-container\">\n\t\t\t\t\t<div class=\"elementor-heading-title elementor-size-default\">Full-time internship 5 days  <\/div>\t\t\t\t<\/div>\n\t\t\t\t<\/div>\n\t\t\t\t<div class=\"elementor-element elementor-element-299aa645 elementor-widget elementor-widget-text-editor\" data-id=\"299aa645\" data-element_type=\"widget\" data-e-type=\"widget\" data-widget_type=\"text-editor.default\">\n\t\t\t\t<div class=\"elementor-widget-container\">\n\t\t\t\t\t\t\t\t\t<p>An intensive course reserved for the most athletic and determined.<\/p><p>With 2 hours of lessons in the morning AND in the afternoon over 5 days, for a total of 20 hours of lessons, your progress will be multiplied!<\/p><div><p>These lessons include the loan of equipment (Billabong wetsuit, board adapted to your level).<\/p><p>Surf lessons are supervised by state-certified instructors.<\/p><\/div><p>Full-time internships are available in July and August.  <\/p><p>In the off-season, please contact us to find out how feasible it is, depending on weather conditions.  <\/p>\t\t\t\t\t\t\t\t<\/div>\n\t\t\t\t<\/div>\n\t\t\t\t\t<\/div>\n\t\t<\/div>\n\t\t\t\t<div class=\"elementor-column elementor-col-50 elementor-inner-column elementor-element elementor-element-34c2af28\" data-id=\"34c2af28\" data-element_type=\"column\" data-e-type=\"column\" data-settings=\"{&quot;background_background&quot;:&quot;classic&quot;}\">\n\t\t\t<div class=\"elementor-widget-wrap elementor-element-populated\">\n\t\t\t\t\t\t<div class=\"elementor-element elementor-element-420c6c68 elementor-widget elementor-widget-heading\" data-id=\"420c6c68\" data-element_type=\"widget\" data-e-type=\"widget\" data-widget_type=\"heading.default\">\n\t\t\t\t<div class=\"elementor-widget-container\">\n\t\t\t\t\t<h4 class=\"elementor-heading-title elementor-size-default\">Fill in the form below for your reservation<\/h4>\t\t\t\t<\/div>\n\t\t\t\t<\/div>\n\t\t\t\t<div class=\"elementor-element elementor-element-626bdd4b elementor-widget elementor-widget-text-editor\" data-id=\"626bdd4b\" data-element_type=\"widget\" data-e-type=\"widget\" data-widget_type=\"text-editor.default\">\n\t\t\t\t<div class=\"elementor-widget-container\">\n\t\t\t\t\t\t\t\t\t<p>\t\t<div data-elementor-type=\"section\" data-elementor-id=\"3081\" class=\"elementor elementor-3081 elementor-591 elementor-591\" data-elementor-post-type=\"elementor_library\">\n\t\t\t\t\t<section class=\"elementor-section elementor-top-section elementor-element elementor-element-9164692 elementor-hidden-desktop elementor-hidden-tablet elementor-hidden-mobile elementor-section-boxed elementor-section-height-default elementor-section-height-default\" data-id=\"9164692\" data-element_type=\"section\" data-e-type=\"section\" data-settings=\"{&quot;background_background&quot;:&quot;classic&quot;}\">\n\t\t\t\t\t\t<div class=\"elementor-container elementor-column-gap-default\">\n\t\t\t\t\t<div class=\"elementor-column elementor-col-100 elementor-top-column elementor-element elementor-element-b01ce9a\" data-id=\"b01ce9a\" data-element_type=\"column\" data-e-type=\"column\">\n\t\t\t<div class=\"elementor-widget-wrap elementor-element-populated\">\n\t\t\t\t\t\t<div class=\"elementor-element elementor-element-55d7100 elementor-widget elementor-widget-text-editor\" data-id=\"55d7100\" data-element_type=\"widget\" data-e-type=\"widget\" data-widget_type=\"text-editor.default\">\n\t\t\t\t<div class=\"elementor-widget-container\">\n\t\t\t\t\t\t\t\t\t<p>Annual closure from xx\/xx\/xx to xx\/xx\/xx<\/p>\n\t\t\t\t\t\t\t\t<\/div>\n\t\t\t\t<\/div>\n\t\t\t\t\t<\/div>\n\t\t<\/div>\n\t\t\t\t\t<\/div>\n\t\t<\/section>\n\t\t\t\t<\/div>\n\t\t<\/p>\t\t\t\t\t\t\t\t<\/div>\n\t\t\t\t<\/div>\n\t\t\t\t<div class=\"elementor-element elementor-element-64b322cc elementor-widget elementor-widget-formidable\" data-id=\"64b322cc\" data-element_type=\"widget\" data-e-type=\"widget\" data-widget_type=\"formidable.default\">\n\t\t\t\t<div class=\"elementor-widget-container\">\n\t\t\t\t\t<div class=\"frm_forms  with_frm_style frm_style_sleek-smooth-style\" id=\"frm_form_8_container\" data-token=\"585c5e006a9eb6b769bbe864fe9076a1\">\n<form enctype=\"multipart\/form-data\" method=\"post\" class=\"frm-show-form  frm_pro_form \" id=\"form_stagepleintemps5j\" data-token=\"585c5e006a9eb6b769bbe864fe9076a1\">\n<div class=\"frm_form_fields \">\n<fieldset>\n<legend class=\"frm_screen_reader\">Stage plein temps 5j<\/legend>\r\n\r\n<div class=\"frm_fields_container\">\n<input type=\"hidden\" name=\"frm_action\" value=\"create\" \/>\n<input type=\"hidden\" name=\"form_id\" value=\"8\" \/>\n<input type=\"hidden\" name=\"frm_hide_fields_8\" id=\"frm_hide_fields_8\" value=\"\" \/>\n<input type=\"hidden\" name=\"form_key\" value=\"stagepleintemps5j\" \/>\n<input type=\"hidden\" name=\"item_meta[0]\" value=\"\" \/>\n<input type=\"hidden\" id=\"frm_submit_entry_8\" name=\"frm_submit_entry_8\" value=\"da08c27a66\" \/><input type=\"hidden\" name=\"_wp_http_referer\" value=\"\/en\/wp-json\/wp\/v2\/pages\/2860\" \/><input type=\"hidden\" name=\"item_meta[133]\" id=\"field_6pdil3\" value=\"Stage plein temps 5 jours\"  data-frmval=\"Stage plein temps 5 jours\"   \/>\n<div id=\"frm_field_134_container\" class=\"frm_form_field form-field  frm_required_field frm_top_container frm6 frm_first\">\r\n    <label for=\"field_aq13r3\" id=\"field_aq13r3_label\" class=\"frm_primary_label\">Adresse de s\u00e9jour\r\n        <span class=\"frm_required\" aria-hidden=\"true\">*<\/span>\r\n    <\/label>\r\n    <input  type=\"text\" id=\"field_aq13r3\" name=\"item_meta[134]\" value=\"\"  data-reqmsg=\"Ce champ ne peut pas \u00eatre vide\" aria-required=\"true\" data-invmsg=\"texte est non valide\" aria-invalid=\"false\"   \/>\r\n    \r\n    \r\n<\/div>\n<div id=\"frm_field_135_container\" class=\"frm_form_field form-field  frm_required_field frm_top_container frm12  frm6\">\r\n    <label for=\"field_izkgr3\" id=\"field_izkgr3_label\" class=\"frm_primary_label\">Date de d\u00e9but des cours\r\n        <span class=\"frm_required\" aria-hidden=\"true\">*<\/span>\r\n    <\/label>\r\n    <input type=\"text\" id=\"field_izkgr3\" name=\"item_meta[135]\" value=\"\"  maxlength=\"10\" data-reqmsg=\"Ce champ ne peut pas \u00eatre vide\" aria-required=\"true\" data-invmsg=\"Date est non valide\" class=\"frm_date\" aria-invalid=\"false\"  \/>\r\n    \r\n    \r\n<\/div>\n<div id=\"frm_field_136_container\" class=\"frm_form_field form-field  frm_required_field frm_top_container frm6 frm_first\">\r\n    <label for=\"field_74rnn3\" id=\"field_74rnn3_label\" class=\"frm_primary_label\">Email\r\n        <span class=\"frm_required\" aria-hidden=\"true\">*<\/span>\r\n    <\/label>\r\n    <input type=\"email\" id=\"field_74rnn3\" name=\"item_meta[136]\" value=\"\"  autocomplete=\"email\"  data-reqmsg=\"Ce champ ne peut pas \u00eatre vide\" aria-required=\"true\" data-invmsg=\"Email est non valide\" aria-invalid=\"false\"  \/>\r\n    \r\n    \r\n<\/div>\n<div id=\"frm_field_137_container\" class=\"frm_form_field form-field  frm_required_field frm_top_container frm6\">\r\n    <label for=\"field_z4ylo3\" id=\"field_z4ylo3_label\" class=\"frm_primary_label\">T\u00e9l\u00e9phone\r\n        <span class=\"frm_required\" aria-hidden=\"true\">*<\/span>\r\n    <\/label>\r\n    <input type=\"tel\" id=\"field_z4ylo3\" name=\"item_meta[137]\" value=\"\"  data-reqmsg=\"Ce champ ne peut pas \u00eatre vide\" aria-required=\"true\" data-invmsg=\"T\u00e9l\u00e9phone est non valide\" aria-invalid=\"false\" pattern=\"((\\+\\d{1,3}(-|.| )?\\(?\\d\\)?(-| |.)?\\d{1,5})|(\\(?\\d{2,6}\\)?))(-|.| )?(\\d{3,4})(-|.| )?(\\d{4})(( x| ext)\\d{1,5}){0,1}$\"  \/>\r\n    \r\n    \r\n<\/div>\n<div id=\"frm_field_138_container\" class=\"frm_form_field form-field  frm_required_field frm_top_container frm6 frm_first\">\r\n    <label for=\"field_drlin3\" id=\"field_drlin3_label\" class=\"frm_primary_label\">Pr\u00e9f\u00e9rence\r\n        <span class=\"frm_required\" aria-hidden=\"true\">*<\/span>\r\n    <\/label>\r\n    \t\t<select name=\"item_meta[138]\" id=\"field_drlin3\"  data-frmval=\"Cours le matin\" data-reqmsg=\"Ce champ ne peut pas \u00eatre vide\" aria-required=\"true\" data-invmsg=\"Pr\u00e9f\u00e9rence is invalid\" aria-invalid=\"false\"  >\n\t\t<option  value=\"Cours le matin\" selected='selected'>Cours le matin<\/option><option  value=\"Cours l&#039;apr\u00e8s-midi\">Cours l&#039;apr\u00e8s-midi<\/option>\t<\/select>\n\t\r\n    \r\n    \r\n<\/div>\n<div id=\"frm_field_139_container\" class=\"frm_form_field form-field  frm_required_field frm_top_container frm6\">\r\n    <label for=\"field_3wsec3\" id=\"field_3wsec3_label\" class=\"frm_primary_label\">Niveau de surf\r\n        <span class=\"frm_required\" aria-hidden=\"true\">*<\/span>\r\n    <\/label>\r\n    \t\t<select name=\"item_meta[139]\" id=\"field_3wsec3\"  data-frmval=\"D\u00e9butant\" data-reqmsg=\"Ce champ ne peut pas \u00eatre vide\" aria-required=\"true\" data-invmsg=\"Niveau de surf is invalid\" aria-invalid=\"false\"  >\n\t\t<option  value=\"D\u00e9butant\" selected='selected'>D\u00e9butant<\/option><option  value=\"Moyen\">Moyen<\/option><option  value=\"Confirm\u00e9\">Confirm\u00e9<\/option>\t<\/select>\n\t\r\n    \r\n    \r\n<\/div>\n<div id=\"frm_field_140_container\" class=\"frm_form_field frm_section_heading form-field \">\r\n<h3 class=\"frm_pos_top frm_section_spacing\">Informations sur le(s) participant(s)<\/h3>\r\n\r\n<input type=\"hidden\" name=\"item_meta[140][form]\" value=\"9\" class=\"frm_dnc\" \/>\n\t\t\t<div id=\"frm_section_140-0\" class=\"frm_repeat_inline frm_repeat_140 frm_first_repeat frm_grid_container\">\n<input type=\"hidden\" name=\"item_meta[140][row_ids][]\" value=\"0\" \/><input type=\"hidden\" name=\"item_meta[140][0][0]\" value=\"\" \/><div id=\"frm_field_141-140-0_container\" class=\"frm_form_field form-field  frm_required_field frm_top_container frm6 frm_first frm_first frm4 frm_field_141_container\">\r\n    <label for=\"field_ggwyq3-0\" id=\"field_ggwyq3-0_label\" class=\"frm_primary_label\">Nom \/ Pr\u00e9nom\r\n        <span class=\"frm_required\" aria-hidden=\"true\">*<\/span>\r\n    <\/label>\r\n    <input  type=\"text\" id=\"field_ggwyq3-0\" name=\"item_meta[140][0][141]\" value=\"\"  data-sectionid=\"140\"  data-reqmsg=\"Ce champ ne peut pas \u00eatre vide\" aria-required=\"true\" data-invmsg=\"texte est non valide\" aria-invalid=\"false\"   \/>\r\n    \r\n    \r\n<\/div>\n<div id=\"frm_field_142-140-0_container\" class=\"frm_form_field form-field  frm_required_field frm_top_container frm6 frm4 frm_field_142_container\">\r\n    <label for=\"field_5vae3-0\" id=\"field_5vae3-0_label\" class=\"frm_primary_label\">Age\r\n        <span class=\"frm_required\" aria-hidden=\"true\">*<\/span>\r\n    <\/label>\r\n    <input type=\"text\" id=\"field_5vae3-0\" name=\"item_meta[140][0][142]\" value=\"\"  data-sectionid=\"140\"  maxlength=\"10\" data-reqmsg=\"Ce champ ne peut pas \u00eatre vide\" aria-required=\"true\" data-invmsg=\"Date est non valide\" class=\"frm_date\" aria-invalid=\"false\"  \/>\r\n    \r\n    \r\n<\/div>\n<div class=\"frm_form_field frm_hidden_container frm_repeat_buttons frm4 \"><label class=\"frm_primary_label\">&nbsp;<\/label><a href=\"#\" class=\"frm_add_form_row frm_button\" data-parent=\"140\" aria-label=\"Add\"><svg  viewBox=\"0 0 20 20\" width=\"1em\" height=\"1em\" class=\"frmsvg frm-svg-icon\">\n\t<title>plus1<\/title>\n\t<path d=\"M11 5H9v4H5v2h4v4h2v-4h4V9h-4V5zm-1-5a10 10 0 1 0 0 20 10 10 0 0 0 0-20zm0 18a8 8 0 1 1 0-16 8 8 0 0 1 0 16z\"><\/path>\n\n<\/svg> <\/a>\n<a href=\"#\" class=\"frm_remove_form_row frm_button\" data-key=\"0\" data-parent=\"140\" aria-label=\"Remove\"><svg  viewBox=\"0 0 20 20\" width=\"1em\" height=\"1em\" class=\"frmsvg frm-svg-icon\">\n\t<title>minus1<\/title>\n\t<path d=\"M5 9v2h10V9H5zm5-9a10 10 0 1 0 0 20 10 10 0 0 0 0-20zm0 18a8 8 0 1 1 0-16 8 8 0 0 1 0 16z\"><\/path>\n\n<\/svg> <\/a> <\/div><\/div>\n\r\n<\/div>\n<div id=\"frm_field_144_container\" class=\"frm_form_field form-field  frm_top_container\">\r\n    <label for=\"field_4ojvt3\" id=\"field_4ojvt3_label\" class=\"frm_primary_label\">Commentaires \/ observations\r\n        <span class=\"frm_required\" aria-hidden=\"true\"><\/span>\r\n    <\/label>\r\n    <input  type=\"text\" id=\"field_4ojvt3\" name=\"item_meta[144]\" value=\"\"  placeholder=\"N&#039;h\u00e9sitez pas \u00e0 compl\u00e9ter cette zone pour nous laisser la moindre information utile.\" data-invmsg=\"texte est non valide\" aria-invalid=\"false\"   \/>\r\n    \r\n    \r\n<\/div>\n<div id=\"frm_field_194_container\" class=\"frm_form_field form-field  frm_none_container\">\n\t<label for=\"g-recaptcha-response\" id=\"field_g5m48_label\" class=\"frm_primary_label\">Captcha\n\t\t<span class=\"frm_required\" aria-hidden=\"true\"><\/span>\n\t<\/label>\n\t<div  id=\"field_g5m48\" class=\"frm-g-recaptcha\" data-sitekey=\"6Ld6JjcqAAAAAOqjAaCPBVqAhX4jipKGNZ5aYE6d\" data-size=\"invisible\" data-theme=\"light\"><\/div>\n\t\n\t\n<\/div>\n<div id=\"frm_field_193_container\" class=\"frm_form_field form-field \">\n\t<div class=\"frm_submit\">\r\n\r\n<button class=\"frm_button_submit frm_final_submit\" type=\"submit\"   formnovalidate=\"formnovalidate\">Envoyer<\/button>\r\n\r\n\r\n<\/div>\n<\/div>\n\t<input type=\"hidden\" name=\"item_key\" value=\"\" \/>\n\t\t\t<div id=\"frm_field_201_container\">\n\t\t\t<label for=\"field_bf2ey\" >\n\t\t\t\tIf you are human, leave this field blank.\t\t\t<\/label>\n\t\t\t<input  id=\"field_bf2ey\" type=\"text\" class=\"frm_form_field form-field frm_verify\" name=\"item_meta[201]\" value=\"\"  \/>\n\t\t<\/div>\n\t\t<input name=\"frm_state\" type=\"hidden\" value=\"X9HrEsK+F2UIl\/0L2REfyNWy415PuIXLyvCINAzcm6mnSzCHP1qct6Hm\/um9b6C8\" \/><\/div>\n<\/fieldset>\n<\/div>\n\n<\/form>\n<\/div>\n\t\t\t\t<\/div>\n\t\t\t\t<\/div>\n\t\t\t\t\t<\/div>\n\t\t<\/div>\n\t\t\t\t\t<\/div>\n\t\t<\/section>\n\t\t\t\t\t<\/div>\n\t\t<\/div>\n\t\t\t\t\t<\/div>\n\t\t<\/section>\n\t\t\t\t<section class=\"elementor-section elementor-top-section elementor-element elementor-element-1664d0b6 elementor-section-boxed elementor-section-height-default elementor-section-height-default\" data-id=\"1664d0b6\" data-element_type=\"section\" data-e-type=\"section\" data-settings=\"{&quot;background_background&quot;:&quot;gradient&quot;,&quot;shape_divider_top&quot;:&quot;waves&quot;}\">\n\t\t\t\t\t\t\t<div class=\"elementor-background-overlay\"><\/div>\n\t\t\t\t\t\t<div class=\"elementor-shape elementor-shape-top\" aria-hidden=\"true\" data-negative=\"false\">\n\t\t\t<svg xmlns=\"http:\/\/www.w3.org\/2000\/svg\" viewBox=\"0 0 1000 100\" preserveAspectRatio=\"none\">\n\t<path class=\"elementor-shape-fill\" d=\"M421.9,6.5c22.6-2.5,51.5,0.4,75.5,5.3c23.6,4.9,70.9,23.5,100.5,35.7c75.8,32.2,133.7,44.5,192.6,49.7\n\tc23.6,2.1,48.7,3.5,103.4-2.5c54.7-6,106.2-25.6,106.2-25.6V0H0v30.3c0,0,72,32.6,158.4,30.5c39.2-0.7,92.8-6.7,134-22.4\n\tc21.2-8.1,52.2-18.2,79.7-24.2C399.3,7.9,411.6,7.5,421.9,6.5z\"\/>\n<\/svg>\t\t<\/div>\n\t\t\t\t\t<div class=\"elementor-container elementor-column-gap-default\">\n\t\t\t\t\t<div class=\"elementor-column elementor-col-100 elementor-top-column elementor-element elementor-element-82aaf2d\" data-id=\"82aaf2d\" data-element_type=\"column\" data-e-type=\"column\">\n\t\t\t<div class=\"elementor-widget-wrap elementor-element-populated\">\n\t\t\t\t\t\t<div class=\"elementor-element elementor-element-58dc1e50 elementor-widget elementor-widget-accordion\" data-id=\"58dc1e50\" data-element_type=\"widget\" data-e-type=\"widget\" data-widget_type=\"accordion.default\">\n\t\t\t\t<div class=\"elementor-widget-container\">\n\t\t\t\t\t\t\t<div class=\"elementor-accordion\">\n\t\t\t\t\t\t\t<div class=\"elementor-accordion-item\">\n\t\t\t\t\t<h2 id=\"elementor-tab-title-1491\" class=\"elementor-tab-title\" data-tab=\"1\" role=\"button\" aria-controls=\"elementor-tab-content-1491\" aria-expanded=\"false\">\n\t\t\t\t\t\t\t\t\t\t\t\t\t<span class=\"elementor-accordion-icon elementor-accordion-icon-left\" aria-hidden=\"true\">\n\t\t\t\t\t\t\t\t\t\t\t\t\t\t\t<span class=\"elementor-accordion-icon-closed\"><i class=\"fas fa-plus\"><\/i><\/span>\n\t\t\t\t\t\t\t\t<span class=\"elementor-accordion-icon-opened\"><i class=\"fas fa-minus\"><\/i><\/span>\n\t\t\t\t\t\t\t\t\t\t\t\t\t\t<\/span>\n\t\t\t\t\t\t\t\t\t\t\t\t<a class=\"elementor-accordion-title\" tabindex=\"0\">Discover the intense sensations of surfing at Lacanau!<\/a>\n\t\t\t\t\t<\/h2>\n\t\t\t\t\t<div id=\"elementor-tab-content-1491\" class=\"elementor-tab-content elementor-clearfix\" data-tab=\"1\" role=\"region\" aria-labelledby=\"elementor-tab-title-1491\"><p>Have you always dreamed of riding the waves, feeling the power of the ocean and experiencing the adrenaline rush of surfing?<\/p>\n<p>Look no further than Lacanau for an unforgettable surfing experience!<\/p>\n<p><strong>The BO &amp; CO surf school<\/strong> offers a 2-hour introductory course to help you learn the basics of surfing in a friendly atmosphere, supervised by passionate instructors. Whether you&#8217;re a beginner or simply want to learn how to surf, this course is suitable for all levels. You&#8217;ll receive a warm welcome from the BO &amp; CO team, who will provide you with all the equipment you need, including surfboard and wetsuit. You&#8217;ll start with a warm-up and stretching session to prepare you physically, then learn basic surfing techniques, such as paddling, taking off and balancing on the board.   <\/p>\n<p>Once you feel comfortable, you&#8217;ll enter the water with your instructor, who will guide you step by step to catch your first waves. You&#8217;ll discover the incredible sensations of gliding across the ocean and feeling the thrill of the wave beneath your feet. This introductory course is the perfect opportunity to get a taste of surfing and decide whether it&#8217;s an activity you&#8217;d like to pursue. If you like it, BO &amp; CO also offers more advanced courses and workshops to help you progress in your surfing.   <\/p>\n<p class=\"my-0.5\"><strong>So don&#8217;t wait any longer, book your surfing discovery course with BO &amp; CO and embark on an exciting aquatic adventure in Lacanau<\/strong>. You&#8217;ll experience unforgettable moments and create lasting memories as you discover the joys of surfing in this magnificent natural setting. <\/p>\n<\/div>\n\t\t\t\t<\/div>\n\t\t\t\t\t\t\t\t<\/div>\n\t\t\t\t\t\t<\/div>\n\t\t\t\t<\/div>\n\t\t\t\t<div class=\"elementor-element elementor-element-1b2f8126 elementor-align-center elementor-widget elementor-widget-button\" data-id=\"1b2f8126\" data-element_type=\"widget\" data-e-type=\"widget\" data-widget_type=\"button.default\">\n\t\t\t\t<div class=\"elementor-widget-container\">\n\t\t\t\t\t\t\t\t\t<div class=\"elementor-button-wrapper\">\n\t\t\t\t\t<a class=\"elementor-button elementor-button-link elementor-size-sm\" href=\"#caminteresse\">\n\t\t\t\t\t\t<span class=\"elementor-button-content-wrapper\">\n\t\t\t\t\t\t\t\t\t<span class=\"elementor-button-text\">I want to make a reservation!<\/span>\n\t\t\t\t\t<\/span>\n\t\t\t\t\t<\/a>\n\t\t\t\t<\/div>\n\t\t\t\t\t\t\t\t<\/div>\n\t\t\t\t<\/div>\n\t\t\t\t\t<\/div>\n\t\t<\/div>\n\t\t\t\t\t<\/div>\n\t\t<\/section>\n\t\t\t\t<\/div>\n\t\t","protected":false},"excerpt":{"rendered":"<p>5-day full-time surfing course 295\u20ac* (*) 5 to 10% discount off-season for sessions taken at our North Beach School Full-time internship 5 days An intensive course reserved for the most athletic and determined. With 2 hours of lessons in the morning AND in the afternoon over 5 days, for a total of 20 hours of [&hellip;]<\/p>\n","protected":false},"author":1,"featured_media":0,"parent":0,"menu_order":0,"comment_status":"closed","ping_status":"closed","template":"elementor_header_footer","meta":{"footnotes":""},"class_list":["post-2860","page","type-page","status-publish","hentry"],"aioseo_notices":[],"_links":{"self":[{"href":"https:\/\/bocosurf.com\/en\/wp-json\/wp\/v2\/pages\/2860","targetHints":{"allow":["GET"]}}],"collection":[{"href":"https:\/\/bocosurf.com\/en\/wp-json\/wp\/v2\/pages"}],"about":[{"href":"https:\/\/bocosurf.com\/en\/wp-json\/wp\/v2\/types\/page"}],"author":[{"embeddable":true,"href":"https:\/\/bocosurf.com\/en\/wp-json\/wp\/v2\/users\/1"}],"replies":[{"embeddable":true,"href":"https:\/\/bocosurf.com\/en\/wp-json\/wp\/v2\/comments?post=2860"}],"version-history":[{"count":8,"href":"https:\/\/bocosurf.com\/en\/wp-json\/wp\/v2\/pages\/2860\/revisions"}],"predecessor-version":[{"id":3430,"href":"https:\/\/bocosurf.com\/en\/wp-json\/wp\/v2\/pages\/2860\/revisions\/3430"}],"wp:attachment":[{"href":"https:\/\/bocosurf.com\/en\/wp-json\/wp\/v2\/media?parent=2860"}],"curies":[{"name":"wp","href":"https:\/\/api.w.org\/{rel}","templated":true}]}}