{"id":2869,"date":"2023-12-21T15:44:48","date_gmt":"2023-12-21T14:44:48","guid":{"rendered":"https:\/\/bocosurf.com\/privatunterricht-im-surfen\/"},"modified":"2025-11-26T13:24:28","modified_gmt":"2025-11-26T12:24:28","slug":"privatunterricht-im-surfen","status":"publish","type":"page","link":"https:\/\/bocosurf.com\/de\/privatunterricht-im-surfen\/","title":{"rendered":"Privatunterricht im Surfen"},"content":{"rendered":"\t\t<div data-elementor-type=\"wp-page\" data-elementor-id=\"2869\" class=\"elementor elementor-2869 elementor-1200\" data-elementor-post-type=\"page\">\n\t\t\t\t\t\t<section class=\"elementor-section elementor-top-section elementor-element elementor-element-6efc1e91 elementor-section-height-min-height elementor-section-items-stretch elementor-section-content-bottom elementor-hidden-tablet elementor-hidden-mobile elementor-section-boxed elementor-section-height-default\" data-id=\"6efc1e91\" data-element_type=\"section\" data-e-type=\"section\" data-settings=\"{&quot;background_background&quot;:&quot;classic&quot;}\">\n\t\t\t\t\t\t\t<div class=\"elementor-background-overlay\"><\/div>\n\t\t\t\t\t\t\t<div class=\"elementor-container elementor-column-gap-default\">\n\t\t\t\t\t<div class=\"elementor-column elementor-col-100 elementor-top-column elementor-element elementor-element-36bc9ece\" data-id=\"36bc9ece\" data-element_type=\"column\" data-e-type=\"column\">\n\t\t\t<div class=\"elementor-widget-wrap elementor-element-populated\">\n\t\t\t\t\t\t<section class=\"elementor-section elementor-inner-section elementor-element elementor-element-20b20f1a elementor-section-boxed elementor-section-height-default elementor-section-height-default\" data-id=\"20b20f1a\" data-element_type=\"section\" data-e-type=\"section\">\n\t\t\t\t\t\t<div class=\"elementor-container elementor-column-gap-no\">\n\t\t\t\t\t<div class=\"elementor-column elementor-col-100 elementor-inner-column elementor-element elementor-element-36736828\" data-id=\"36736828\" data-element_type=\"column\" data-e-type=\"column\">\n\t\t\t<div class=\"elementor-widget-wrap\">\n\t\t\t\t\t\t\t<\/div>\n\t\t<\/div>\n\t\t\t\t\t<\/div>\n\t\t<\/section>\n\t\t\t\t\t<\/div>\n\t\t<\/div>\n\t\t\t\t\t<\/div>\n\t\t<\/section>\n\t\t\t\t<section class=\"elementor-section elementor-top-section elementor-element elementor-element-3dd6ed7a elementor-section-boxed elementor-section-height-default elementor-section-height-default\" data-id=\"3dd6ed7a\" data-element_type=\"section\" data-e-type=\"section\" data-settings=\"{&quot;background_background&quot;:&quot;classic&quot;}\">\n\t\t\t\t\t\t<div class=\"elementor-container elementor-column-gap-default\">\n\t\t\t\t\t<div class=\"elementor-column elementor-col-100 elementor-top-column elementor-element elementor-element-5f2e5d48\" data-id=\"5f2e5d48\" data-element_type=\"column\" data-e-type=\"column\">\n\t\t\t<div class=\"elementor-widget-wrap elementor-element-populated\">\n\t\t\t\t\t\t<div class=\"elementor-element elementor-element-5e6c7331 elementor-widget elementor-widget-heading\" data-id=\"5e6c7331\" data-element_type=\"widget\" data-e-type=\"widget\" data-widget_type=\"heading.default\">\n\t\t\t\t<div class=\"elementor-widget-container\">\n\t\t\t\t\t<h1 class=\"elementor-heading-title elementor-size-default\">Privatunterricht im Surfen<\/h1>\t\t\t\t<\/div>\n\t\t\t\t<\/div>\n\t\t\t\t\t<\/div>\n\t\t<\/div>\n\t\t\t\t\t<\/div>\n\t\t<\/section>\n\t\t\t\t<section class=\"elementor-section elementor-top-section elementor-element elementor-element-15b9ea1e elementor-section-boxed elementor-section-height-default elementor-section-height-default\" data-id=\"15b9ea1e\" data-element_type=\"section\" data-e-type=\"section\" id=\"caminteresse\" data-settings=\"{&quot;background_background&quot;:&quot;classic&quot;}\">\n\t\t\t\t\t\t<div class=\"elementor-container elementor-column-gap-no\">\n\t\t\t\t\t<div class=\"elementor-column elementor-col-100 elementor-top-column elementor-element elementor-element-3d6e87fd\" data-id=\"3d6e87fd\" data-element_type=\"column\" data-e-type=\"column\">\n\t\t\t<div class=\"elementor-widget-wrap elementor-element-populated\">\n\t\t\t\t\t\t<section class=\"elementor-section elementor-inner-section elementor-element elementor-element-6b143301 elementor-section-boxed elementor-section-height-default elementor-section-height-default\" data-id=\"6b143301\" data-element_type=\"section\" data-e-type=\"section\" data-settings=\"{&quot;background_background&quot;:&quot;classic&quot;}\">\n\t\t\t\t\t\t<div class=\"elementor-container elementor-column-gap-no\">\n\t\t\t\t\t<div class=\"elementor-column elementor-col-50 elementor-inner-column elementor-element elementor-element-7fc3372f\" data-id=\"7fc3372f\" data-element_type=\"column\" data-e-type=\"column\" data-settings=\"{&quot;background_background&quot;:&quot;classic&quot;}\">\n\t\t\t<div class=\"elementor-widget-wrap elementor-element-populated\">\n\t\t\t\t\t\t<div class=\"elementor-element elementor-element-2b1fdcea elementor-widget elementor-widget-html\" data-id=\"2b1fdcea\" data-element_type=\"widget\" data-e-type=\"widget\" data-widget_type=\"html.default\">\n\t\t\t\t<div class=\"elementor-widget-container\">\n\t\t\t\t\t<video poster=\"https:\/\/bocosurf.com\/wp-content\/uploads\/2024\/03\/surf-school-video-5.jpg\" playsinline=\"\" muted=\"\" onmouseover=\"this.play()\" onmouseout=\"this.pause();this.currentTime=0;\"><source src=\"https:\/\/bocosurf.com\/wp-content\/uploads\/2024\/03\/surf-school-lacanau-video-5.mp4\" type=\"video\/mp4\"><\/source><\/video>\r\n\t\t\t\t<\/div>\n\t\t\t\t<\/div>\n\t\t\t\t<div class=\"elementor-element elementor-element-97e2840 elementor-widget elementor-widget-text-editor\" data-id=\"97e2840\" data-element_type=\"widget\" data-e-type=\"widget\" data-widget_type=\"text-editor.default\">\n\t\t\t\t<div class=\"elementor-widget-container\">\n\t\t\t\t\t\t\t\t\t<p>(*) Von 5 bis 10% Rabatt in der Nebensaison f\u00fcr alle Sitzungen, die an unserer Schule am Nordstrand stattfinden.<\/p><p>Je nach Verf\u00fcgbarkeit der Monitore<\/p>\t\t\t\t\t\t\t\t<\/div>\n\t\t\t\t<\/div>\n\t\t\t\t<div class=\"elementor-element elementor-element-45dac1ac elementor-widget__width-auto elementor-absolute elementor-widget elementor-widget-heading\" data-id=\"45dac1ac\" data-element_type=\"widget\" data-e-type=\"widget\" data-settings=\"{&quot;_position&quot;:&quot;absolute&quot;}\" data-widget_type=\"heading.default\">\n\t\t\t\t<div class=\"elementor-widget-container\">\n\t\t\t\t\t<h2 class=\"elementor-heading-title elementor-size-default\">150\u20ac*<\/h2>\t\t\t\t<\/div>\n\t\t\t\t<\/div>\n\t\t\t\t<div class=\"elementor-element elementor-element-19af15ef elementor-widget elementor-widget-heading\" data-id=\"19af15ef\" data-element_type=\"widget\" data-e-type=\"widget\" data-widget_type=\"heading.default\">\n\t\t\t\t<div class=\"elementor-widget-container\">\n\t\t\t\t\t<div class=\"elementor-heading-title elementor-size-default\">Surfcoaching<\/div>\t\t\t\t<\/div>\n\t\t\t\t<\/div>\n\t\t\t\t<div class=\"elementor-element elementor-element-64bf801e elementor-widget elementor-widget-text-editor\" data-id=\"64bf801e\" data-element_type=\"widget\" data-e-type=\"widget\" data-widget_type=\"text-editor.default\">\n\t\t\t\t<div class=\"elementor-widget-container\">\n\t\t\t\t\t\t\t\t\t<p>Privatunterricht von 2 Stunden, davon 1,5 Stunden im Wasser.<\/p><p>Allein mit dem Lehrer ist diese Formel ideal f\u00fcr schnelle Fortschritte!<\/p><p>Ihr Lehrer wird alle Ihre Fragen beantworten. Er wird Ihnen eine individuelle Sitzung zusammenstellen und Ihnen helfen, in Ihrem eigenen Tempo Fortschritte zu machen. <\/p><div><p>Diese Kurse beinhalten das Ausleihen der Ausr\u00fcstung (Billabong-Anzug, Brett, das Ihrem Niveau entspricht).<\/p><p>Die Surfkurse werden von staatlich gepr\u00fcften Lehrern geleitet.<\/p><\/div><p>1-Personen-Kurs: 150 Euro*.<\/p><p>2-Personen-Kurs: 200 Euro*.<\/p>\t\t\t\t\t\t\t\t<\/div>\n\t\t\t\t<\/div>\n\t\t\t\t\t<\/div>\n\t\t<\/div>\n\t\t\t\t<div class=\"elementor-column elementor-col-50 elementor-inner-column elementor-element elementor-element-39367c98\" data-id=\"39367c98\" data-element_type=\"column\" data-e-type=\"column\" data-settings=\"{&quot;background_background&quot;:&quot;classic&quot;}\">\n\t\t\t<div class=\"elementor-widget-wrap elementor-element-populated\">\n\t\t\t\t\t\t<div class=\"elementor-element elementor-element-4b4dbf13 elementor-widget elementor-widget-heading\" data-id=\"4b4dbf13\" data-element_type=\"widget\" data-e-type=\"widget\" data-widget_type=\"heading.default\">\n\t\t\t\t<div class=\"elementor-widget-container\">\n\t\t\t\t\t<h4 class=\"elementor-heading-title elementor-size-default\">F\u00fcllen Sie das folgende Formular f\u00fcr Ihre Reservierung aus<\/h4>\t\t\t\t<\/div>\n\t\t\t\t<\/div>\n\t\t\t\t<div class=\"elementor-element elementor-element-238e999f elementor-widget elementor-widget-text-editor\" data-id=\"238e999f\" data-element_type=\"widget\" data-e-type=\"widget\" data-widget_type=\"text-editor.default\">\n\t\t\t\t<div class=\"elementor-widget-container\">\n\t\t\t\t\t\t\t\t\t<p>\t\t<div data-elementor-type=\"section\" data-elementor-id=\"3084\" class=\"elementor elementor-3084 elementor-591 elementor-591\" data-elementor-post-type=\"elementor_library\">\n\t\t\t\t\t<section class=\"elementor-section elementor-top-section elementor-element elementor-element-9164692 elementor-hidden-desktop elementor-hidden-tablet elementor-hidden-mobile elementor-section-boxed elementor-section-height-default elementor-section-height-default\" data-id=\"9164692\" data-element_type=\"section\" data-e-type=\"section\" data-settings=\"{&quot;background_background&quot;:&quot;classic&quot;}\">\n\t\t\t\t\t\t<div class=\"elementor-container elementor-column-gap-default\">\n\t\t\t\t\t<div class=\"elementor-column elementor-col-100 elementor-top-column elementor-element elementor-element-b01ce9a\" data-id=\"b01ce9a\" data-element_type=\"column\" data-e-type=\"column\">\n\t\t\t<div class=\"elementor-widget-wrap elementor-element-populated\">\n\t\t\t\t\t\t<div class=\"elementor-element elementor-element-55d7100 elementor-widget elementor-widget-text-editor\" data-id=\"55d7100\" data-element_type=\"widget\" data-e-type=\"widget\" data-widget_type=\"text-editor.default\">\n\t\t\t\t<div class=\"elementor-widget-container\">\n\t\t\t\t\t\t\t\t\t<p>J\u00e4hrlich geschlossen vom xx\/xx\/xx bis xx\/xx\/xx<\/p>\n\t\t\t\t\t\t\t\t<\/div>\n\t\t\t\t<\/div>\n\t\t\t\t\t<\/div>\n\t\t<\/div>\n\t\t\t\t\t<\/div>\n\t\t<\/section>\n\t\t\t\t<\/div>\n\t\t<\/p>\t\t\t\t\t\t\t\t<\/div>\n\t\t\t\t<\/div>\n\t\t\t\t<div class=\"elementor-element elementor-element-44e205a elementor-widget elementor-widget-formidable\" data-id=\"44e205a\" data-element_type=\"widget\" data-e-type=\"widget\" data-widget_type=\"formidable.default\">\n\t\t\t\t<div class=\"elementor-widget-container\">\n\t\t\t\t\t<div class=\"frm_forms  with_frm_style frm_style_sleek-smooth-style\" id=\"frm_form_14_container\" data-token=\"585c5e006a9eb6b769bbe864fe9076a1\">\n<form enctype=\"multipart\/form-data\" method=\"post\" class=\"frm-show-form  frm_pro_form \" id=\"form_surfcoaching\" data-token=\"585c5e006a9eb6b769bbe864fe9076a1\">\n<div class=\"frm_form_fields \">\n<fieldset>\n<legend class=\"frm_screen_reader\">Surf Coaching<\/legend>\r\n\r\n<div class=\"frm_fields_container\">\n<input type=\"hidden\" name=\"frm_action\" value=\"create\" \/>\n<input type=\"hidden\" name=\"form_id\" value=\"14\" \/>\n<input type=\"hidden\" name=\"frm_hide_fields_14\" id=\"frm_hide_fields_14\" value=\"\" \/>\n<input type=\"hidden\" name=\"form_key\" value=\"surfcoaching\" \/>\n<input type=\"hidden\" name=\"item_meta[0]\" value=\"\" \/>\n<input type=\"hidden\" id=\"frm_submit_entry_14\" name=\"frm_submit_entry_14\" value=\"da08c27a66\" \/><input type=\"hidden\" name=\"_wp_http_referer\" value=\"\/de\/wp-json\/wp\/v2\/pages\/2869\" \/><input type=\"hidden\" name=\"item_meta[169]\" id=\"field_6pdil34\" value=\"Surf coaching\"  data-frmval=\"Surf coaching\"   \/>\n<div id=\"frm_field_170_container\" class=\"frm_form_field form-field  frm_required_field frm_top_container frm6 frm_first\">\r\n    <label for=\"field_aq13r34\" id=\"field_aq13r34_label\" class=\"frm_primary_label\">Adresse de s\u00e9jour\r\n        <span class=\"frm_required\" aria-hidden=\"true\">*<\/span>\r\n    <\/label>\r\n    <input  type=\"text\" id=\"field_aq13r34\" name=\"item_meta[170]\" value=\"\"  data-reqmsg=\"Ce champ ne peut pas \u00eatre vide\" aria-required=\"true\" data-invmsg=\"texte est non valide\" aria-invalid=\"false\"   \/>\r\n    \r\n    \r\n<\/div>\n<div id=\"frm_field_171_container\" class=\"frm_form_field form-field  frm_required_field frm_top_container frm12  frm6\">\r\n    <label for=\"field_izkgr34\" id=\"field_izkgr34_label\" class=\"frm_primary_label\">Date de d\u00e9but des cours\r\n        <span class=\"frm_required\" aria-hidden=\"true\">*<\/span>\r\n    <\/label>\r\n    <input type=\"text\" id=\"field_izkgr34\" name=\"item_meta[171]\" value=\"\"  maxlength=\"10\" data-reqmsg=\"Ce champ ne peut pas \u00eatre vide\" aria-required=\"true\" data-invmsg=\"Date est non valide\" class=\"frm_date\" aria-invalid=\"false\"  \/>\r\n    \r\n    \r\n<\/div>\n<div id=\"frm_field_172_container\" class=\"frm_form_field form-field  frm_required_field frm_top_container frm6 frm_first\">\r\n    <label for=\"field_74rnn34\" id=\"field_74rnn34_label\" class=\"frm_primary_label\">Email\r\n        <span class=\"frm_required\" aria-hidden=\"true\">*<\/span>\r\n    <\/label>\r\n    <input type=\"email\" id=\"field_74rnn34\" name=\"item_meta[172]\" value=\"\"  autocomplete=\"email\"  data-reqmsg=\"Ce champ ne peut pas \u00eatre vide\" aria-required=\"true\" data-invmsg=\"Email est non valide\" aria-invalid=\"false\"  \/>\r\n    \r\n    \r\n<\/div>\n<div id=\"frm_field_173_container\" class=\"frm_form_field form-field  frm_required_field frm_top_container frm6\">\r\n    <label for=\"field_z4ylo34\" id=\"field_z4ylo34_label\" class=\"frm_primary_label\">T\u00e9l\u00e9phone\r\n        <span class=\"frm_required\" aria-hidden=\"true\">*<\/span>\r\n    <\/label>\r\n    <input type=\"tel\" id=\"field_z4ylo34\" name=\"item_meta[173]\" value=\"\"  data-reqmsg=\"Ce champ ne peut pas \u00eatre vide\" aria-required=\"true\" data-invmsg=\"T\u00e9l\u00e9phone est non valide\" aria-invalid=\"false\" pattern=\"((\\+\\d{1,3}(-|.| )?\\(?\\d\\)?(-| |.)?\\d{1,5})|(\\(?\\d{2,6}\\)?))(-|.| )?(\\d{3,4})(-|.| )?(\\d{4})(( x| ext)\\d{1,5}){0,1}$\"  \/>\r\n    \r\n    \r\n<\/div>\n<div id=\"frm_field_174_container\" class=\"frm_form_field form-field  frm_required_field frm_top_container frm6 frm_first\">\r\n    <label for=\"field_drlin34\" id=\"field_drlin34_label\" class=\"frm_primary_label\">Pr\u00e9f\u00e9rence\r\n        <span class=\"frm_required\" aria-hidden=\"true\">*<\/span>\r\n    <\/label>\r\n    \t\t<select name=\"item_meta[174]\" id=\"field_drlin34\"  data-frmval=\"Cours le matin\" data-reqmsg=\"Ce champ ne peut pas \u00eatre vide\" aria-required=\"true\" data-invmsg=\"Pr\u00e9f\u00e9rence ist ung\u00fcltig\" aria-invalid=\"false\"  >\n\t\t<option  value=\"Cours le matin\" selected='selected'>Cours le matin<\/option><option  value=\"Cours l&#039;apr\u00e8s-midi\">Cours l&#039;apr\u00e8s-midi<\/option>\t<\/select>\n\t\r\n    \r\n    \r\n<\/div>\n<div id=\"frm_field_175_container\" class=\"frm_form_field form-field  frm_required_field frm_top_container frm6\">\r\n    <label for=\"field_3wsec34\" id=\"field_3wsec34_label\" class=\"frm_primary_label\">Niveau de surf\r\n        <span class=\"frm_required\" aria-hidden=\"true\">*<\/span>\r\n    <\/label>\r\n    \t\t<select name=\"item_meta[175]\" id=\"field_3wsec34\"  data-frmval=\"D\u00e9butant\" data-reqmsg=\"Ce champ ne peut pas \u00eatre vide\" aria-required=\"true\" data-invmsg=\"Niveau de surf ist ung\u00fcltig\" aria-invalid=\"false\"  >\n\t\t<option  value=\"D\u00e9butant\" selected='selected'>D\u00e9butant<\/option><option  value=\"Moyen\">Moyen<\/option><option  value=\"Confirm\u00e9\">Confirm\u00e9<\/option>\t<\/select>\n\t\r\n    \r\n    \r\n<\/div>\n<div id=\"frm_field_176_container\" class=\"frm_form_field frm_section_heading form-field \">\r\n<h3 class=\"frm_pos_top frm_section_spacing\">Informations sur le(s) participant(s) - max 2 personnes<\/h3>\r\n\r\n<input type=\"hidden\" name=\"item_meta[176][form]\" value=\"15\" class=\"frm_dnc\" \/>\n\t\t\t<div id=\"frm_section_176-0\" class=\"frm_repeat_inline frm_repeat_176 frm_first_repeat frm_grid_container\">\n<input type=\"hidden\" name=\"item_meta[176][row_ids][]\" value=\"0\" \/><input type=\"hidden\" name=\"item_meta[176][0][0]\" value=\"\" \/><div id=\"frm_field_177-176-0_container\" class=\"frm_form_field form-field  frm_required_field frm_top_container frm6 frm_first frm_first frm4 frm_field_177_container\">\r\n    <label for=\"field_ggwyq34-0\" id=\"field_ggwyq34-0_label\" class=\"frm_primary_label\">Nom \/ Pr\u00e9nom\r\n        <span class=\"frm_required\" aria-hidden=\"true\">*<\/span>\r\n    <\/label>\r\n    <input  type=\"text\" id=\"field_ggwyq34-0\" name=\"item_meta[176][0][177]\" value=\"\"  data-sectionid=\"176\"  data-reqmsg=\"Ce champ ne peut pas \u00eatre vide\" aria-required=\"true\" data-invmsg=\"texte est non valide\" aria-invalid=\"false\"   \/>\r\n    \r\n    \r\n<\/div>\n<div id=\"frm_field_178-176-0_container\" class=\"frm_form_field form-field  frm_required_field frm_top_container frm6 frm4 frm_field_178_container\">\r\n    <label for=\"field_5vae34-0\" id=\"field_5vae34-0_label\" class=\"frm_primary_label\">Age\r\n        <span class=\"frm_required\" aria-hidden=\"true\">*<\/span>\r\n    <\/label>\r\n    <input type=\"text\" id=\"field_5vae34-0\" name=\"item_meta[176][0][178]\" value=\"\"  data-sectionid=\"176\"  maxlength=\"10\" data-reqmsg=\"Ce champ ne peut pas \u00eatre vide\" aria-required=\"true\" data-invmsg=\"Date est non valide\" class=\"frm_date\" aria-invalid=\"false\"  \/>\r\n    \r\n    \r\n<\/div>\n<div class=\"frm_form_field frm_hidden_container frm_repeat_buttons frm4 \"><label class=\"frm_primary_label\">&nbsp;<\/label><a href=\"#\" class=\"frm_add_form_row frm_button\" data-parent=\"176\" aria-label=\"Add\"><svg  viewBox=\"0 0 20 20\" width=\"1em\" height=\"1em\" class=\"frmsvg frm-svg-icon\">\n\t<title>plus1<\/title>\n\t<path d=\"M11 5H9v4H5v2h4v4h2v-4h4V9h-4V5zm-1-5a10 10 0 1 0 0 20 10 10 0 0 0 0-20zm0 18a8 8 0 1 1 0-16 8 8 0 0 1 0 16z\"><\/path>\n\n<\/svg> <\/a>\n<a href=\"#\" class=\"frm_remove_form_row frm_button\" data-key=\"0\" data-parent=\"176\" aria-label=\"Entfernen\"><svg  viewBox=\"0 0 20 20\" width=\"1em\" height=\"1em\" class=\"frmsvg frm-svg-icon\">\n\t<title>minus1<\/title>\n\t<path d=\"M5 9v2h10V9H5zm5-9a10 10 0 1 0 0 20 10 10 0 0 0 0-20zm0 18a8 8 0 1 1 0-16 8 8 0 0 1 0 16z\"><\/path>\n\n<\/svg> <\/a> <\/div><\/div>\n\r\n<\/div>\n<div id=\"frm_field_180_container\" class=\"frm_form_field form-field  frm_top_container\">\r\n    <label for=\"field_4ojvt34\" id=\"field_4ojvt34_label\" class=\"frm_primary_label\">Commentaires \/ observations\r\n        <span class=\"frm_required\" aria-hidden=\"true\"><\/span>\r\n    <\/label>\r\n    <input  type=\"text\" id=\"field_4ojvt34\" name=\"item_meta[180]\" value=\"\"  placeholder=\"N&#039;h\u00e9sitez pas \u00e0 compl\u00e9ter cette zone pour nous laisser la moindre information utile.\" data-invmsg=\"texte est non valide\" aria-invalid=\"false\"   \/>\r\n    \r\n    \r\n<\/div>\n<div id=\"frm_field_199_container\" class=\"frm_form_field form-field \">\n\t<div class=\"frm_submit\">\r\n\r\n<button class=\"frm_button_submit frm_final_submit\" type=\"submit\"   formnovalidate=\"formnovalidate\">Envoyer<\/button>\r\n\r\n\r\n<\/div>\n<\/div>\n<div id=\"frm_field_200_container\" class=\"frm_form_field form-field  frm_none_container\">\n\t<label for=\"g-recaptcha-response\" id=\"field_y3oza_label\" class=\"frm_primary_label\">Captcha\n\t\t<span class=\"frm_required\" aria-hidden=\"true\"><\/span>\n\t<\/label>\n\t<div  id=\"field_y3oza\" class=\"frm-g-recaptcha\" data-sitekey=\"6Ld6JjcqAAAAAOqjAaCPBVqAhX4jipKGNZ5aYE6d\" data-size=\"invisible\" data-theme=\"light\"><\/div>\n\t\n\t\n<\/div>\n\t<input type=\"hidden\" name=\"item_key\" value=\"\" \/>\n\t\t\t<div id=\"frm_field_201_container\">\n\t\t\t<label for=\"field_ie1xi\" >\n\t\t\t\tFalls Du menschlich bist, lasse dieses Feld leer.\t\t\t<\/label>\n\t\t\t<input  id=\"field_ie1xi\" type=\"text\" class=\"frm_form_field form-field frm_verify\" name=\"item_meta[201]\" value=\"\"  \/>\n\t\t<\/div>\n\t\t<input name=\"frm_state\" type=\"hidden\" value=\"X9HrEsK+F2UIl\/0L2REfyJiHbT9bRLK9rYArFnTc4qmnSzCHP1qct6Hm\/um9b6C8\" \/><\/div>\n<\/fieldset>\n<\/div>\n\n<\/form>\n<\/div>\n\t\t\t\t<\/div>\n\t\t\t\t<\/div>\n\t\t\t\t\t<\/div>\n\t\t<\/div>\n\t\t\t\t\t<\/div>\n\t\t<\/section>\n\t\t\t\t\t<\/div>\n\t\t<\/div>\n\t\t\t\t\t<\/div>\n\t\t<\/section>\n\t\t\t\t<section class=\"elementor-section elementor-top-section elementor-element elementor-element-7172391f elementor-section-boxed elementor-section-height-default elementor-section-height-default\" data-id=\"7172391f\" data-element_type=\"section\" data-e-type=\"section\" data-settings=\"{&quot;background_background&quot;:&quot;gradient&quot;,&quot;shape_divider_top&quot;:&quot;waves&quot;}\">\n\t\t\t\t\t\t\t<div class=\"elementor-background-overlay\"><\/div>\n\t\t\t\t\t\t<div class=\"elementor-shape elementor-shape-top\" aria-hidden=\"true\" data-negative=\"false\">\n\t\t\t<svg xmlns=\"http:\/\/www.w3.org\/2000\/svg\" viewBox=\"0 0 1000 100\" preserveAspectRatio=\"none\">\n\t<path class=\"elementor-shape-fill\" d=\"M421.9,6.5c22.6-2.5,51.5,0.4,75.5,5.3c23.6,4.9,70.9,23.5,100.5,35.7c75.8,32.2,133.7,44.5,192.6,49.7\n\tc23.6,2.1,48.7,3.5,103.4-2.5c54.7-6,106.2-25.6,106.2-25.6V0H0v30.3c0,0,72,32.6,158.4,30.5c39.2-0.7,92.8-6.7,134-22.4\n\tc21.2-8.1,52.2-18.2,79.7-24.2C399.3,7.9,411.6,7.5,421.9,6.5z\"\/>\n<\/svg>\t\t<\/div>\n\t\t\t\t\t<div class=\"elementor-container elementor-column-gap-default\">\n\t\t\t\t\t<div class=\"elementor-column elementor-col-100 elementor-top-column elementor-element elementor-element-50367e5a\" data-id=\"50367e5a\" data-element_type=\"column\" data-e-type=\"column\">\n\t\t\t<div class=\"elementor-widget-wrap elementor-element-populated\">\n\t\t\t\t\t\t<div class=\"elementor-element elementor-element-14a9fb7d elementor-widget elementor-widget-accordion\" data-id=\"14a9fb7d\" data-element_type=\"widget\" data-e-type=\"widget\" data-widget_type=\"accordion.default\">\n\t\t\t\t<div class=\"elementor-widget-container\">\n\t\t\t\t\t\t\t<div class=\"elementor-accordion\">\n\t\t\t\t\t\t\t<div class=\"elementor-accordion-item\">\n\t\t\t\t\t<h2 id=\"elementor-tab-title-3461\" class=\"elementor-tab-title\" data-tab=\"1\" role=\"button\" aria-controls=\"elementor-tab-content-3461\" aria-expanded=\"false\">\n\t\t\t\t\t\t\t\t\t\t\t\t\t<span class=\"elementor-accordion-icon elementor-accordion-icon-left\" aria-hidden=\"true\">\n\t\t\t\t\t\t\t\t\t\t\t\t\t\t\t<span class=\"elementor-accordion-icon-closed\"><i class=\"fas fa-plus\"><\/i><\/span>\n\t\t\t\t\t\t\t\t<span class=\"elementor-accordion-icon-opened\"><i class=\"fas fa-minus\"><\/i><\/span>\n\t\t\t\t\t\t\t\t\t\t\t\t\t\t<\/span>\n\t\t\t\t\t\t\t\t\t\t\t\t<a class=\"elementor-accordion-title\" tabindex=\"0\">Entdecken Sie die privaten Surfkurse in Lacanau<\/a>\n\t\t\t\t\t<\/h2>\n\t\t\t\t\t<div id=\"elementor-tab-content-3461\" class=\"elementor-tab-content elementor-clearfix\" data-tab=\"1\" role=\"region\" aria-labelledby=\"elementor-tab-title-3461\"><p class=\"my-0.5\">Wir bei BO &amp; CO verstehen, dass jeder Surfer einzigartige Bed\u00fcrfnisse und Ziele hat. Aus diesem Grund bieten wir privaten Surfunterricht mit maximal zwei Personen pro Sitzung an, um Ihnen eine pers\u00f6nliche Betreuung und ma\u00dfgeschneiderte Beratung zu bieten. <\/p>\n<p class=\"my-0.5\">Unsere erfahrenen Lehrer haben eine Leidenschaft f\u00fcr das Surfen und sind engagiert, Ihnen zu helfen, Ihre Technik zu verbessern, Selbstvertrauen zu gewinnen und Ihre Surfziele zu erreichen. Ob Sie Anf\u00e4nger sind oder Ihre vorhandenen F\u00e4higkeiten verbessern m\u00f6chten, unsere individuellen Kurse sind so gestaltet, dass sie Ihnen eine optimale Lernerfahrung bieten. <\/p>\n<p class=\"my-0.5\">In diesen Einzelsitzungen erhalten Sie einen Unterricht, der auf Ihr Niveau und Ihre speziellen Bed\u00fcrfnisse zugeschnitten ist. Unsere Lehrer werden Sie im Wasser begleiten, um Sie Schritt f\u00fcr Schritt zu f\u00fchren, Ihnen pr\u00e4zises Feedback zu geben und Ihnen bei Ihren Fortschritten zu helfen. Sie werden auch ermutigt, Fragen zu stellen und pers\u00f6nliche Ratschl\u00e4ge zu erhalten, um Ihre Technik und Ihr Selbstvertrauen zu st\u00e4rken.  <\/p>\n<p class=\"my-0.5\">Wenn Sie sich f\u00fcr den individuellen Surfunterricht bei BO &amp; CO entscheiden, profitieren Sie von einem pers\u00f6nlichen p\u00e4dagogischen Ansatz und einer g\u00fcnstigen Lernumgebung. Wir sind stolz darauf, unsere Leidenschaft f\u00fcr das Surfen mit unseren Sch\u00fclern zu teilen und zu sehen, wie sie in diesem unglaublichen Sport wachsen. <\/p>\n<p class=\"my-0.5\">Buchen Sie jetzt Ihre individuelle Surfsession mit BO &amp; CO und begeben Sie sich auf ein unvergessliches Abenteuer in den Wellen von Lacanau.<\/p>\n<\/div>\n\t\t\t\t<\/div>\n\t\t\t\t\t\t\t\t<\/div>\n\t\t\t\t\t\t<\/div>\n\t\t\t\t<\/div>\n\t\t\t\t<div class=\"elementor-element elementor-element-3c689240 elementor-align-center elementor-widget elementor-widget-button\" data-id=\"3c689240\" data-element_type=\"widget\" data-e-type=\"widget\" data-widget_type=\"button.default\">\n\t\t\t\t<div class=\"elementor-widget-container\">\n\t\t\t\t\t\t\t\t\t<div class=\"elementor-button-wrapper\">\n\t\t\t\t\t<a class=\"elementor-button elementor-button-link elementor-size-sm\" href=\"#caminteresse\">\n\t\t\t\t\t\t<span class=\"elementor-button-content-wrapper\">\n\t\t\t\t\t\t\t\t\t<span class=\"elementor-button-text\">Ich m\u00f6chte buchen!<\/span>\n\t\t\t\t\t<\/span>\n\t\t\t\t\t<\/a>\n\t\t\t\t<\/div>\n\t\t\t\t\t\t\t\t<\/div>\n\t\t\t\t<\/div>\n\t\t\t\t\t<\/div>\n\t\t<\/div>\n\t\t\t\t\t<\/div>\n\t\t<\/section>\n\t\t\t\t<\/div>\n\t\t","protected":false},"excerpt":{"rendered":"<p>Privatunterricht im Surfen (*) Von 5 bis 10% Rabatt in der Nebensaison f\u00fcr alle Sitzungen, die an unserer Schule am Nordstrand stattfinden. Je nach Verf\u00fcgbarkeit der Monitore 150\u20ac* Surfcoaching Privatunterricht von 2 Stunden, davon 1,5 Stunden im Wasser. Allein mit dem Lehrer ist diese Formel ideal f\u00fcr schnelle Fortschritte! Ihr Lehrer wird alle Ihre Fragen [&hellip;]<\/p>\n","protected":false},"author":1,"featured_media":0,"parent":0,"menu_order":0,"comment_status":"closed","ping_status":"closed","template":"elementor_header_footer","meta":{"footnotes":""},"class_list":["post-2869","page","type-page","status-publish","hentry"],"aioseo_notices":[],"_links":{"self":[{"href":"https:\/\/bocosurf.com\/de\/wp-json\/wp\/v2\/pages\/2869","targetHints":{"allow":["GET"]}}],"collection":[{"href":"https:\/\/bocosurf.com\/de\/wp-json\/wp\/v2\/pages"}],"about":[{"href":"https:\/\/bocosurf.com\/de\/wp-json\/wp\/v2\/types\/page"}],"author":[{"embeddable":true,"href":"https:\/\/bocosurf.com\/de\/wp-json\/wp\/v2\/users\/1"}],"replies":[{"embeddable":true,"href":"https:\/\/bocosurf.com\/de\/wp-json\/wp\/v2\/comments?post=2869"}],"version-history":[{"count":9,"href":"https:\/\/bocosurf.com\/de\/wp-json\/wp\/v2\/pages\/2869\/revisions"}],"predecessor-version":[{"id":3447,"href":"https:\/\/bocosurf.com\/de\/wp-json\/wp\/v2\/pages\/2869\/revisions\/3447"}],"wp:attachment":[{"href":"https:\/\/bocosurf.com\/de\/wp-json\/wp\/v2\/media?parent=2869"}],"curies":[{"name":"wp","href":"https:\/\/api.w.org\/{rel}","templated":true}]}}