{"id":2773,"date":"2023-12-21T14:41:41","date_gmt":"2023-12-21T13:41:41","guid":{"rendered":"https:\/\/bocosurf.com\/halbzeitpraktikum-5-tage\/"},"modified":"2025-11-26T13:20:41","modified_gmt":"2025-11-26T12:20:41","slug":"halbzeitpraktikum-5-tage","status":"publish","type":"page","link":"https:\/\/bocosurf.com\/de\/halbzeitpraktikum-5-tage\/","title":{"rendered":"Halbzeitpraktikum &#8211; 5 Tage"},"content":{"rendered":"\t\t<div data-elementor-type=\"wp-page\" data-elementor-id=\"2773\" class=\"elementor elementor-2773 elementor-1127\" data-elementor-post-type=\"page\">\n\t\t\t\t\t\t<section class=\"elementor-section elementor-top-section elementor-element elementor-element-7a9f4073 elementor-section-height-min-height elementor-section-items-stretch elementor-section-content-bottom elementor-hidden-tablet elementor-hidden-mobile elementor-section-boxed elementor-section-height-default\" data-id=\"7a9f4073\" data-element_type=\"section\" data-e-type=\"section\" data-settings=\"{&quot;background_background&quot;:&quot;classic&quot;}\">\n\t\t\t\t\t\t\t<div class=\"elementor-background-overlay\"><\/div>\n\t\t\t\t\t\t\t<div class=\"elementor-container elementor-column-gap-default\">\n\t\t\t\t\t<div class=\"elementor-column elementor-col-100 elementor-top-column elementor-element elementor-element-09444ec\" data-id=\"09444ec\" data-element_type=\"column\" data-e-type=\"column\">\n\t\t\t<div class=\"elementor-widget-wrap\">\n\t\t\t\t\t\t\t<\/div>\n\t\t<\/div>\n\t\t\t\t\t<\/div>\n\t\t<\/section>\n\t\t\t\t<section class=\"elementor-section elementor-top-section elementor-element elementor-element-75519592 elementor-section-boxed elementor-section-height-default elementor-section-height-default\" data-id=\"75519592\" data-element_type=\"section\" data-e-type=\"section\" data-settings=\"{&quot;background_background&quot;:&quot;classic&quot;}\">\n\t\t\t\t\t\t<div class=\"elementor-container elementor-column-gap-default\">\n\t\t\t\t\t<div class=\"elementor-column elementor-col-100 elementor-top-column elementor-element elementor-element-2e136540\" data-id=\"2e136540\" data-element_type=\"column\" data-e-type=\"column\">\n\t\t\t<div class=\"elementor-widget-wrap elementor-element-populated\">\n\t\t\t\t\t\t<div class=\"elementor-element elementor-element-1aa550d2 elementor-widget elementor-widget-heading\" data-id=\"1aa550d2\" data-element_type=\"widget\" data-e-type=\"widget\" data-widget_type=\"heading.default\">\n\t\t\t\t<div class=\"elementor-widget-container\">\n\t\t\t\t\t<h1 class=\"elementor-heading-title elementor-size-default\">Halbzeitpraktikum 5 Tage<\/h1>\t\t\t\t<\/div>\n\t\t\t\t<\/div>\n\t\t\t\t\t<\/div>\n\t\t<\/div>\n\t\t\t\t\t<\/div>\n\t\t<\/section>\n\t\t\t\t<section class=\"elementor-section elementor-top-section elementor-element elementor-element-791b31bb elementor-section-boxed elementor-section-height-default elementor-section-height-default\" data-id=\"791b31bb\" data-element_type=\"section\" data-e-type=\"section\" id=\"caminteresse\" data-settings=\"{&quot;background_background&quot;:&quot;classic&quot;}\">\n\t\t\t\t\t\t<div class=\"elementor-container elementor-column-gap-no\">\n\t\t\t\t\t<div class=\"elementor-column elementor-col-100 elementor-top-column elementor-element elementor-element-223a7cc4\" data-id=\"223a7cc4\" data-element_type=\"column\" data-e-type=\"column\">\n\t\t\t<div class=\"elementor-widget-wrap elementor-element-populated\">\n\t\t\t\t\t\t<section class=\"elementor-section elementor-inner-section elementor-element elementor-element-2a262a30 elementor-section-boxed elementor-section-height-default elementor-section-height-default\" data-id=\"2a262a30\" data-element_type=\"section\" data-e-type=\"section\" data-settings=\"{&quot;background_background&quot;:&quot;classic&quot;}\">\n\t\t\t\t\t\t<div class=\"elementor-container elementor-column-gap-no\">\n\t\t\t\t\t<div class=\"elementor-column elementor-col-50 elementor-inner-column elementor-element elementor-element-42a704f3\" data-id=\"42a704f3\" data-element_type=\"column\" data-e-type=\"column\" data-settings=\"{&quot;background_background&quot;:&quot;classic&quot;}\">\n\t\t\t<div class=\"elementor-widget-wrap elementor-element-populated\">\n\t\t\t\t\t\t<div class=\"elementor-element elementor-element-fb2da51 elementor-widget__width-auto elementor-absolute elementor-widget elementor-widget-heading\" data-id=\"fb2da51\" data-element_type=\"widget\" data-e-type=\"widget\" data-settings=\"{&quot;_position&quot;:&quot;absolute&quot;}\" data-widget_type=\"heading.default\">\n\t\t\t\t<div class=\"elementor-widget-container\">\n\t\t\t\t\t<h2 class=\"elementor-heading-title elementor-size-default\">170\u20ac*<\/h2>\t\t\t\t<\/div>\n\t\t\t\t<\/div>\n\t\t\t\t<div class=\"elementor-element elementor-element-5051498b elementor-widget elementor-widget-html\" data-id=\"5051498b\" data-element_type=\"widget\" data-e-type=\"widget\" data-widget_type=\"html.default\">\n\t\t\t\t<div class=\"elementor-widget-container\">\n\t\t\t\t\t<video poster=\"https:\/\/bocosurf.com\/wp-content\/uploads\/2024\/03\/surf-school-video-2.jpg\" playsinline=\"\" muted=\"\" onmouseover=\"this.play()\" onmouseout=\"this.pause();this.currentTime=0;\"><source src=\"https:\/\/bocosurf.com\/wp-content\/uploads\/2024\/03\/surf-school-lacanau-video-2.mp4\" type=\"video\/mp4\"><\/source><\/video>\r\n\t\t\t\t<\/div>\n\t\t\t\t<\/div>\n\t\t\t\t<div class=\"elementor-element elementor-element-8f3d30b elementor-widget elementor-widget-text-editor\" data-id=\"8f3d30b\" data-element_type=\"widget\" data-e-type=\"widget\" data-widget_type=\"text-editor.default\">\n\t\t\t\t<div class=\"elementor-widget-container\">\n\t\t\t\t\t\t\t\t\t<p>(*) Von 5 bis 10% Rabatt in der Nebensaison f\u00fcr alle Sitzungen, die an unserer Schule am Nordstrand stattfinden.<\/p>\t\t\t\t\t\t\t\t<\/div>\n\t\t\t\t<\/div>\n\t\t\t\t<div class=\"elementor-element elementor-element-73e88ca1 elementor-widget elementor-widget-heading\" data-id=\"73e88ca1\" data-element_type=\"widget\" data-e-type=\"widget\" data-widget_type=\"heading.default\">\n\t\t\t\t<div class=\"elementor-widget-container\">\n\t\t\t\t\t<div class=\"elementor-heading-title elementor-size-default\">Halbzeitpraktikum 5 Tage<\/div>\t\t\t\t<\/div>\n\t\t\t\t<\/div>\n\t\t\t\t<div class=\"elementor-element elementor-element-104bde4c elementor-widget elementor-widget-text-editor\" data-id=\"104bde4c\" data-element_type=\"widget\" data-e-type=\"widget\" data-widget_type=\"text-editor.default\">\n\t\t\t\t<div class=\"elementor-widget-container\">\n\t\t\t\t\t\t\t\t\t<p>Kursformel mit 2 Stunden Surfen am Morgen oder am Nachmittag w\u00e4hrend 5 Tagen. F\u00fcr regelm\u00e4\u00dfiges Surfen mit mittlerer Intensit\u00e4t. <\/p><p>Der Lehrer wird die Sitzungen an Ihr Niveau anpassen, um Sie bei Ihren Fortschritten zu begleiten und Ihnen zu helfen, Ihre Ziele zu erreichen.<\/p><p>W\u00e4hrend des Kurses lernen Sie die Sicherheitsregeln kennen, Sie werden lernen, Ihre Ausr\u00fcstung und Ihr Gleichgewicht zu beherrschen, um unabh\u00e4ngiger zu werden.  <\/p><div><p>Diese Kurse beinhalten das Ausleihen der Ausr\u00fcstung (Billabong-Anzug, Brett, das Ihrem Niveau entspricht).<\/p><p>Die Surfkurse werden von staatlich gepr\u00fcften Lehrern geleitet.<\/p><\/div>\t\t\t\t\t\t\t\t<\/div>\n\t\t\t\t<\/div>\n\t\t\t\t\t<\/div>\n\t\t<\/div>\n\t\t\t\t<div class=\"elementor-column elementor-col-50 elementor-inner-column elementor-element elementor-element-6bcd7b43\" data-id=\"6bcd7b43\" data-element_type=\"column\" data-e-type=\"column\" data-settings=\"{&quot;background_background&quot;:&quot;classic&quot;}\">\n\t\t\t<div class=\"elementor-widget-wrap elementor-element-populated\">\n\t\t\t\t\t\t<div class=\"elementor-element elementor-element-1d8dc6de elementor-widget elementor-widget-heading\" data-id=\"1d8dc6de\" data-element_type=\"widget\" data-e-type=\"widget\" data-widget_type=\"heading.default\">\n\t\t\t\t<div class=\"elementor-widget-container\">\n\t\t\t\t\t<h4 class=\"elementor-heading-title elementor-size-default\">F\u00fcllen Sie das folgende Formular f\u00fcr Ihre Reservierung aus<\/h4>\t\t\t\t<\/div>\n\t\t\t\t<\/div>\n\t\t\t\t<div class=\"elementor-element elementor-element-583102e2 elementor-widget elementor-widget-text-editor\" data-id=\"583102e2\" data-element_type=\"widget\" data-e-type=\"widget\" data-widget_type=\"text-editor.default\">\n\t\t\t\t<div class=\"elementor-widget-container\">\n\t\t\t\t\t\t\t\t\t<p>\t\t<div data-elementor-type=\"section\" data-elementor-id=\"3084\" class=\"elementor elementor-3084 elementor-591 elementor-591\" data-elementor-post-type=\"elementor_library\">\n\t\t\t\t\t<section class=\"elementor-section elementor-top-section elementor-element elementor-element-9164692 elementor-hidden-desktop elementor-hidden-tablet elementor-hidden-mobile elementor-section-boxed elementor-section-height-default elementor-section-height-default\" data-id=\"9164692\" data-element_type=\"section\" data-e-type=\"section\" data-settings=\"{&quot;background_background&quot;:&quot;classic&quot;}\">\n\t\t\t\t\t\t<div class=\"elementor-container elementor-column-gap-default\">\n\t\t\t\t\t<div class=\"elementor-column elementor-col-100 elementor-top-column elementor-element elementor-element-b01ce9a\" data-id=\"b01ce9a\" data-element_type=\"column\" data-e-type=\"column\">\n\t\t\t<div class=\"elementor-widget-wrap elementor-element-populated\">\n\t\t\t\t\t\t<div class=\"elementor-element elementor-element-55d7100 elementor-widget elementor-widget-text-editor\" data-id=\"55d7100\" data-element_type=\"widget\" data-e-type=\"widget\" data-widget_type=\"text-editor.default\">\n\t\t\t\t<div class=\"elementor-widget-container\">\n\t\t\t\t\t\t\t\t\t<p>J\u00e4hrlich geschlossen vom xx\/xx\/xx bis xx\/xx\/xx<\/p>\n\t\t\t\t\t\t\t\t<\/div>\n\t\t\t\t<\/div>\n\t\t\t\t\t<\/div>\n\t\t<\/div>\n\t\t\t\t\t<\/div>\n\t\t<\/section>\n\t\t\t\t<\/div>\n\t\t<\/p>\t\t\t\t\t\t\t\t<\/div>\n\t\t\t\t<\/div>\n\t\t\t\t<div class=\"elementor-element elementor-element-11e70322 elementor-widget elementor-widget-formidable\" data-id=\"11e70322\" data-element_type=\"widget\" data-e-type=\"widget\" data-widget_type=\"formidable.default\">\n\t\t\t\t<div class=\"elementor-widget-container\">\n\t\t\t\t\t<div class=\"frm_forms  with_frm_style frm_style_sleek-smooth-style\" id=\"frm_form_6_container\" data-token=\"585c5e006a9eb6b769bbe864fe9076a1\">\n<form enctype=\"multipart\/form-data\" method=\"post\" class=\"frm-show-form  frm_pro_form \" id=\"form_stagemitemps5j\" data-token=\"585c5e006a9eb6b769bbe864fe9076a1\">\n<div class=\"frm_form_fields \">\n<fieldset>\n<legend class=\"frm_screen_reader\">Stage mi-temps - 5j<\/legend>\r\n\r\n<div class=\"frm_fields_container\">\n<input type=\"hidden\" name=\"frm_action\" value=\"create\" \/>\n<input type=\"hidden\" name=\"form_id\" value=\"6\" \/>\n<input type=\"hidden\" name=\"frm_hide_fields_6\" id=\"frm_hide_fields_6\" value=\"\" \/>\n<input type=\"hidden\" name=\"form_key\" value=\"stagemitemps5j\" \/>\n<input type=\"hidden\" name=\"item_meta[0]\" value=\"\" \/>\n<input type=\"hidden\" id=\"frm_submit_entry_6\" name=\"frm_submit_entry_6\" value=\"da08c27a66\" \/><input type=\"hidden\" name=\"_wp_http_referer\" value=\"\/de\/wp-json\/wp\/v2\/pages\/2773\" \/><input type=\"hidden\" name=\"item_meta[121]\" id=\"field_6pdil2\" value=\"Stage mi-temps 5 jours\"  data-frmval=\"Stage mi-temps 5 jours\"   \/>\n<div id=\"frm_field_122_container\" class=\"frm_form_field form-field  frm_required_field frm_top_container frm6 frm_first\">\r\n    <label for=\"field_aq13r2\" id=\"field_aq13r2_label\" class=\"frm_primary_label\">Adresse de s\u00e9jour\r\n        <span class=\"frm_required\" aria-hidden=\"true\">*<\/span>\r\n    <\/label>\r\n    <input  type=\"text\" id=\"field_aq13r2\" name=\"item_meta[122]\" value=\"\"  data-reqmsg=\"Ce champ ne peut pas \u00eatre vide\" aria-required=\"true\" data-invmsg=\"texte est non valide\" aria-invalid=\"false\"   \/>\r\n    \r\n    \r\n<\/div>\n<div id=\"frm_field_123_container\" class=\"frm_form_field form-field  frm_required_field frm_top_container frm12  frm6\">\r\n    <label for=\"field_izkgr2\" id=\"field_izkgr2_label\" class=\"frm_primary_label\">Date de d\u00e9but des cours\r\n        <span class=\"frm_required\" aria-hidden=\"true\">*<\/span>\r\n    <\/label>\r\n    <input type=\"text\" id=\"field_izkgr2\" name=\"item_meta[123]\" value=\"\"  maxlength=\"10\" data-reqmsg=\"Ce champ ne peut pas \u00eatre vide\" aria-required=\"true\" data-invmsg=\"Date est non valide\" class=\"frm_date\" aria-invalid=\"false\"  \/>\r\n    \r\n    \r\n<\/div>\n<div id=\"frm_field_124_container\" class=\"frm_form_field form-field  frm_required_field frm_top_container frm6 frm_first\">\r\n    <label for=\"field_74rnn2\" id=\"field_74rnn2_label\" class=\"frm_primary_label\">Email\r\n        <span class=\"frm_required\" aria-hidden=\"true\">*<\/span>\r\n    <\/label>\r\n    <input type=\"email\" id=\"field_74rnn2\" name=\"item_meta[124]\" value=\"\"  autocomplete=\"email\"  data-reqmsg=\"Ce champ ne peut pas \u00eatre vide\" aria-required=\"true\" data-invmsg=\"Email est non valide\" aria-invalid=\"false\"  \/>\r\n    \r\n    \r\n<\/div>\n<div id=\"frm_field_125_container\" class=\"frm_form_field form-field  frm_required_field frm_top_container frm6\">\r\n    <label for=\"field_z4ylo2\" id=\"field_z4ylo2_label\" class=\"frm_primary_label\">T\u00e9l\u00e9phone\r\n        <span class=\"frm_required\" aria-hidden=\"true\">*<\/span>\r\n    <\/label>\r\n    <input type=\"tel\" id=\"field_z4ylo2\" name=\"item_meta[125]\" value=\"\"  data-reqmsg=\"Ce champ ne peut pas \u00eatre vide\" aria-required=\"true\" data-invmsg=\"T\u00e9l\u00e9phone est non valide\" aria-invalid=\"false\" pattern=\"((\\+\\d{1,3}(-|.| )?\\(?\\d\\)?(-| |.)?\\d{1,5})|(\\(?\\d{2,6}\\)?))(-|.| )?(\\d{3,4})(-|.| )?(\\d{4})(( x| ext)\\d{1,5}){0,1}$\"  \/>\r\n    \r\n    \r\n<\/div>\n<div id=\"frm_field_126_container\" class=\"frm_form_field form-field  frm_required_field frm_top_container frm6 frm_first\">\r\n    <label for=\"field_drlin2\" id=\"field_drlin2_label\" class=\"frm_primary_label\">Pr\u00e9f\u00e9rence\r\n        <span class=\"frm_required\" aria-hidden=\"true\">*<\/span>\r\n    <\/label>\r\n    \t\t<select name=\"item_meta[126]\" id=\"field_drlin2\"  data-frmval=\"Cours le matin\" data-reqmsg=\"Ce champ ne peut pas \u00eatre vide\" aria-required=\"true\" data-invmsg=\"Pr\u00e9f\u00e9rence ist ung\u00fcltig\" aria-invalid=\"false\"  >\n\t\t<option  value=\"Cours le matin\" selected='selected'>Cours le matin<\/option><option  value=\"Cours l&#039;apr\u00e8s-midi\">Cours l&#039;apr\u00e8s-midi<\/option>\t<\/select>\n\t\r\n    \r\n    \r\n<\/div>\n<div id=\"frm_field_127_container\" class=\"frm_form_field form-field  frm_required_field frm_top_container frm6\">\r\n    <label for=\"field_3wsec2\" id=\"field_3wsec2_label\" class=\"frm_primary_label\">Niveau de surf\r\n        <span class=\"frm_required\" aria-hidden=\"true\">*<\/span>\r\n    <\/label>\r\n    \t\t<select name=\"item_meta[127]\" id=\"field_3wsec2\"  data-frmval=\"D\u00e9butant\" data-reqmsg=\"Ce champ ne peut pas \u00eatre vide\" aria-required=\"true\" data-invmsg=\"Niveau de surf ist ung\u00fcltig\" aria-invalid=\"false\"  >\n\t\t<option  value=\"D\u00e9butant\" selected='selected'>D\u00e9butant<\/option><option  value=\"Moyen\">Moyen<\/option><option  value=\"Confirm\u00e9\">Confirm\u00e9<\/option>\t<\/select>\n\t\r\n    \r\n    \r\n<\/div>\n<div id=\"frm_field_128_container\" class=\"frm_form_field frm_section_heading form-field \">\r\n<h3 class=\"frm_pos_top frm_section_spacing\">Informations sur le(s) participant(s)<\/h3>\r\n\r\n<input type=\"hidden\" name=\"item_meta[128][form]\" value=\"7\" class=\"frm_dnc\" \/>\n\t\t\t<div id=\"frm_section_128-0\" class=\"frm_repeat_inline frm_repeat_128 frm_first_repeat frm_grid_container\">\n<input type=\"hidden\" name=\"item_meta[128][row_ids][]\" value=\"0\" \/><input type=\"hidden\" name=\"item_meta[128][0][0]\" value=\"\" \/><div id=\"frm_field_129-128-0_container\" class=\"frm_form_field form-field  frm_required_field frm_top_container frm6 frm_first frm_first frm4 frm_field_129_container\">\r\n    <label for=\"field_ggwyq2-0\" id=\"field_ggwyq2-0_label\" class=\"frm_primary_label\">Nom \/ Pr\u00e9nom\r\n        <span class=\"frm_required\" aria-hidden=\"true\">*<\/span>\r\n    <\/label>\r\n    <input  type=\"text\" id=\"field_ggwyq2-0\" name=\"item_meta[128][0][129]\" value=\"\"  data-sectionid=\"128\"  data-reqmsg=\"Ce champ ne peut pas \u00eatre vide\" aria-required=\"true\" data-invmsg=\"texte est non valide\" aria-invalid=\"false\"   \/>\r\n    \r\n    \r\n<\/div>\n<div id=\"frm_field_130-128-0_container\" class=\"frm_form_field form-field  frm_required_field frm_top_container frm6 frm4 frm_field_130_container\">\r\n    <label for=\"field_5vae-0\" id=\"field_5vae-0_label\" class=\"frm_primary_label\">Age\r\n        <span class=\"frm_required\" aria-hidden=\"true\">*<\/span>\r\n    <\/label>\r\n    <input type=\"text\" id=\"field_5vae-0\" name=\"item_meta[128][0][130]\" value=\"\"  data-sectionid=\"128\"  maxlength=\"10\" data-reqmsg=\"Ce champ ne peut pas \u00eatre vide\" aria-required=\"true\" data-invmsg=\"Date est non valide\" class=\"frm_date\" aria-invalid=\"false\"  \/>\r\n    \r\n    \r\n<\/div>\n<div class=\"frm_form_field frm_hidden_container frm_repeat_buttons frm4 \"><label class=\"frm_primary_label\">&nbsp;<\/label><a href=\"#\" class=\"frm_add_form_row frm_button\" data-parent=\"128\" aria-label=\"Add\"><svg  viewBox=\"0 0 20 20\" width=\"1em\" height=\"1em\" class=\"frmsvg frm-svg-icon\">\n\t<title>plus1<\/title>\n\t<path d=\"M11 5H9v4H5v2h4v4h2v-4h4V9h-4V5zm-1-5a10 10 0 1 0 0 20 10 10 0 0 0 0-20zm0 18a8 8 0 1 1 0-16 8 8 0 0 1 0 16z\"><\/path>\n\n<\/svg> <\/a>\n<a href=\"#\" class=\"frm_remove_form_row frm_button\" data-key=\"0\" data-parent=\"128\" aria-label=\"Entfernen\"><svg  viewBox=\"0 0 20 20\" width=\"1em\" height=\"1em\" class=\"frmsvg frm-svg-icon\">\n\t<title>minus1<\/title>\n\t<path d=\"M5 9v2h10V9H5zm5-9a10 10 0 1 0 0 20 10 10 0 0 0 0-20zm0 18a8 8 0 1 1 0-16 8 8 0 0 1 0 16z\"><\/path>\n\n<\/svg> <\/a> <\/div><\/div>\n\r\n<\/div>\n<div id=\"frm_field_132_container\" class=\"frm_form_field form-field  frm_top_container\">\r\n    <label for=\"field_4ojvt2\" id=\"field_4ojvt2_label\" class=\"frm_primary_label\">Commentaires \/ observations\r\n        <span class=\"frm_required\" aria-hidden=\"true\"><\/span>\r\n    <\/label>\r\n    <input  type=\"text\" id=\"field_4ojvt2\" name=\"item_meta[132]\" value=\"\"  placeholder=\"N&#039;h\u00e9sitez pas \u00e0 compl\u00e9ter cette zone pour nous laisser la moindre information utile.\" data-invmsg=\"texte est non valide\" aria-invalid=\"false\"   \/>\r\n    \r\n    \r\n<\/div>\n<div id=\"frm_field_192_container\" class=\"frm_form_field form-field  frm_none_container\">\n\t<label for=\"g-recaptcha-response\" id=\"field_ht3mh_label\" class=\"frm_primary_label\">Captcha\n\t\t<span class=\"frm_required\" aria-hidden=\"true\"><\/span>\n\t<\/label>\n\t<div  id=\"field_ht3mh\" class=\"frm-g-recaptcha\" data-sitekey=\"6Ld6JjcqAAAAAOqjAaCPBVqAhX4jipKGNZ5aYE6d\" data-size=\"invisible\" data-theme=\"light\"><\/div>\n\t\n\t\n<\/div>\n<div id=\"frm_field_191_container\" class=\"frm_form_field form-field \">\n\t<div class=\"frm_submit\">\r\n\r\n<button class=\"frm_button_submit frm_final_submit\" type=\"submit\"   formnovalidate=\"formnovalidate\">Envoyer<\/button>\r\n\r\n\r\n<\/div>\n<\/div>\n\t<input type=\"hidden\" name=\"item_key\" value=\"\" \/>\n\t\t\t<div id=\"frm_field_201_container\">\n\t\t\t<label for=\"field_44qkt\" >\n\t\t\t\tFalls Du menschlich bist, lasse dieses Feld leer.\t\t\t<\/label>\n\t\t\t<input  id=\"field_44qkt\" type=\"text\" class=\"frm_form_field form-field frm_verify\" name=\"item_meta[201]\" value=\"\"  \/>\n\t\t<\/div>\n\t\t<input name=\"frm_state\" type=\"hidden\" value=\"X9HrEsK+F2UIl\/0L2REfyM37H6uCrNgGE+aFFjNLw72nSzCHP1qct6Hm\/um9b6C8\" \/><\/div>\n<\/fieldset>\n<\/div>\n\n<\/form>\n<\/div>\n\t\t\t\t<\/div>\n\t\t\t\t<\/div>\n\t\t\t\t<div class=\"elementor-element elementor-element-655002f elementor-widget elementor-widget-text-editor\" data-id=\"655002f\" data-element_type=\"widget\" data-e-type=\"widget\" data-widget_type=\"text-editor.default\">\n\t\t\t\t<div class=\"elementor-widget-container\">\n\t\t\t\t\t\t\t\t\t<p>(*) Saisonpreis g\u00fcltig bis zum 01. September 2025<\/p>\t\t\t\t\t\t\t\t<\/div>\n\t\t\t\t<\/div>\n\t\t\t\t\t<\/div>\n\t\t<\/div>\n\t\t\t\t\t<\/div>\n\t\t<\/section>\n\t\t\t\t\t<\/div>\n\t\t<\/div>\n\t\t\t\t\t<\/div>\n\t\t<\/section>\n\t\t\t\t<section class=\"elementor-section elementor-top-section elementor-element elementor-element-61aa314 elementor-section-boxed elementor-section-height-default elementor-section-height-default\" data-id=\"61aa314\" data-element_type=\"section\" data-e-type=\"section\" data-settings=\"{&quot;background_background&quot;:&quot;gradient&quot;,&quot;shape_divider_top&quot;:&quot;waves&quot;}\">\n\t\t\t\t\t\t\t<div class=\"elementor-background-overlay\"><\/div>\n\t\t\t\t\t\t<div class=\"elementor-shape elementor-shape-top\" aria-hidden=\"true\" data-negative=\"false\">\n\t\t\t<svg xmlns=\"http:\/\/www.w3.org\/2000\/svg\" viewBox=\"0 0 1000 100\" preserveAspectRatio=\"none\">\n\t<path class=\"elementor-shape-fill\" d=\"M421.9,6.5c22.6-2.5,51.5,0.4,75.5,5.3c23.6,4.9,70.9,23.5,100.5,35.7c75.8,32.2,133.7,44.5,192.6,49.7\n\tc23.6,2.1,48.7,3.5,103.4-2.5c54.7-6,106.2-25.6,106.2-25.6V0H0v30.3c0,0,72,32.6,158.4,30.5c39.2-0.7,92.8-6.7,134-22.4\n\tc21.2-8.1,52.2-18.2,79.7-24.2C399.3,7.9,411.6,7.5,421.9,6.5z\"\/>\n<\/svg>\t\t<\/div>\n\t\t\t\t\t<div class=\"elementor-container elementor-column-gap-default\">\n\t\t\t\t\t<div class=\"elementor-column elementor-col-100 elementor-top-column elementor-element elementor-element-a51f7b8\" data-id=\"a51f7b8\" data-element_type=\"column\" data-e-type=\"column\">\n\t\t\t<div class=\"elementor-widget-wrap elementor-element-populated\">\n\t\t\t\t\t\t<div class=\"elementor-element elementor-element-f87b287 elementor-widget elementor-widget-accordion\" data-id=\"f87b287\" data-element_type=\"widget\" data-e-type=\"widget\" data-widget_type=\"accordion.default\">\n\t\t\t\t<div class=\"elementor-widget-container\">\n\t\t\t\t\t\t\t<div class=\"elementor-accordion\">\n\t\t\t\t\t\t\t<div class=\"elementor-accordion-item\">\n\t\t\t\t\t<h2 id=\"elementor-tab-title-2601\" class=\"elementor-tab-title\" data-tab=\"1\" role=\"button\" aria-controls=\"elementor-tab-content-2601\" aria-expanded=\"false\">\n\t\t\t\t\t\t\t\t\t\t\t\t\t<span class=\"elementor-accordion-icon elementor-accordion-icon-left\" aria-hidden=\"true\">\n\t\t\t\t\t\t\t\t\t\t\t\t\t\t\t<span class=\"elementor-accordion-icon-closed\"><i class=\"fas fa-plus\"><\/i><\/span>\n\t\t\t\t\t\t\t\t<span class=\"elementor-accordion-icon-opened\"><i class=\"fas fa-minus\"><\/i><\/span>\n\t\t\t\t\t\t\t\t\t\t\t\t\t\t<\/span>\n\t\t\t\t\t\t\t\t\t\t\t\t<a class=\"elementor-accordion-title\" tabindex=\"0\">Surfkurs in Lacanau - Halbtagsausbildung!<\/a>\n\t\t\t\t\t<\/h2>\n\t\t\t\t\t<div id=\"elementor-tab-content-2601\" class=\"elementor-tab-content elementor-clearfix\" data-tab=\"1\" role=\"region\" aria-labelledby=\"elementor-tab-title-2601\"><p>Haben Sie schon immer davon getr\u00e4umt, \u00fcber die Wellen zu gleiten, die Kraft des Ozeans zu sp\u00fcren und das Adrenalin des Surfens zu erleben?<\/p>\n<p>Suchen Sie nicht weiter, Lacanau ist der perfekte Ort f\u00fcr ein unvergessliches Surferlebnis!<\/p>\n<p>Die Surfschule BO &amp; CO bietet einen f\u00fcnft\u00e4gigen Halbtagskurs an, in dem Sie die Grundlagen des Surfens in einer freundlichen Atmosph\u00e4re und unter Anleitung von passionierten Lehrern erlernen k\u00f6nnen. Ob Sie Anf\u00e4nger sind oder Ihr K\u00f6nnen verbessern m\u00f6chten, dieser Kurs ist f\u00fcr alle Niveaus geeignet. <\/p>\n<p>W\u00e4hrend dieser 5 Tage haben Sie die M\u00f6glichkeit, voll und ganz in die Welt des Surfens einzutauchen. Jeden Tag nehmen Sie an einem zweist\u00fcndigen Kurs teil, in dem Sie die Grundtechniken des Surfens wie Rudern, Take-off und das Balancieren auf dem Brett lernen. Sie werden von unserem erfahrenen Team begleitet, das Ihnen die gesamte Ausr\u00fcstung, einschlie\u00dflich Surfbrett und Neoprenanzug, zur Verf\u00fcgung stellt.  <\/p>\n<p>Sobald Sie sich an Land sicher f\u00fchlen, gehen Sie mit Ihrem Lehrer ins Wasser, der Sie Schritt f\u00fcr Schritt anleitet, um die ersten Wellen zu erwischen. Sie werden das unglaubliche Gef\u00fchl erleben, \u00fcber den Ozean zu gleiten und das Kribbeln der Wellen unter Ihren F\u00fc\u00dfen zu sp\u00fcren. <\/p>\n<p>Dieser f\u00fcnft\u00e4gige Halbzeitkurs ist die perfekte Gelegenheit, um in die Welt des Surfens einzutauchen und schnell Fortschritte zu machen. Sie werden die wichtigsten Techniken lernen, w\u00e4hrend Sie Spa\u00df haben und Kontakte zu anderen Surfbegeisterten kn\u00fcpfen. <\/p>\n<p>Buchen Sie Ihren 5-t\u00e4gigen Halbzeitkurs bei BO &amp; CO und st\u00fcrzen Sie sich in ein aufregendes Wasserabenteuer in Lacanau. Sie werden unvergessliche Momente erleben und bleibende Erinnerungen schaffen, wenn Sie die Freuden des Surfens in dieser wundersch\u00f6nen Naturlandschaft entdecken. <\/p>\n<\/div>\n\t\t\t\t<\/div>\n\t\t\t\t\t\t\t\t<\/div>\n\t\t\t\t\t\t<\/div>\n\t\t\t\t<\/div>\n\t\t\t\t<div class=\"elementor-element elementor-element-bc8e3dc elementor-align-center elementor-widget elementor-widget-button\" data-id=\"bc8e3dc\" data-element_type=\"widget\" data-e-type=\"widget\" data-widget_type=\"button.default\">\n\t\t\t\t<div class=\"elementor-widget-container\">\n\t\t\t\t\t\t\t\t\t<div class=\"elementor-button-wrapper\">\n\t\t\t\t\t<a class=\"elementor-button elementor-button-link elementor-size-sm\" href=\"#caminteresse\">\n\t\t\t\t\t\t<span class=\"elementor-button-content-wrapper\">\n\t\t\t\t\t\t\t\t\t<span class=\"elementor-button-text\">Ich m\u00f6chte buchen!<\/span>\n\t\t\t\t\t<\/span>\n\t\t\t\t\t<\/a>\n\t\t\t\t<\/div>\n\t\t\t\t\t\t\t\t<\/div>\n\t\t\t\t<\/div>\n\t\t\t\t\t<\/div>\n\t\t<\/div>\n\t\t\t\t\t<\/div>\n\t\t<\/section>\n\t\t\t\t<\/div>\n\t\t","protected":false},"excerpt":{"rendered":"<p>Halbzeitpraktikum 5 Tage 170\u20ac* (*) Von 5 bis 10% Rabatt in der Nebensaison f\u00fcr alle Sitzungen, die an unserer Schule am Nordstrand stattfinden. Halbzeitpraktikum 5 Tage Kursformel mit 2 Stunden Surfen am Morgen oder am Nachmittag w\u00e4hrend 5 Tagen. F\u00fcr regelm\u00e4\u00dfiges Surfen mit mittlerer Intensit\u00e4t. Der Lehrer wird die Sitzungen an Ihr Niveau anpassen, um [&hellip;]<\/p>\n","protected":false},"author":1,"featured_media":0,"parent":0,"menu_order":0,"comment_status":"closed","ping_status":"closed","template":"elementor_header_footer","meta":{"footnotes":""},"class_list":["post-2773","page","type-page","status-publish","hentry"],"aioseo_notices":[],"_links":{"self":[{"href":"https:\/\/bocosurf.com\/de\/wp-json\/wp\/v2\/pages\/2773","targetHints":{"allow":["GET"]}}],"collection":[{"href":"https:\/\/bocosurf.com\/de\/wp-json\/wp\/v2\/pages"}],"about":[{"href":"https:\/\/bocosurf.com\/de\/wp-json\/wp\/v2\/types\/page"}],"author":[{"embeddable":true,"href":"https:\/\/bocosurf.com\/de\/wp-json\/wp\/v2\/users\/1"}],"replies":[{"embeddable":true,"href":"https:\/\/bocosurf.com\/de\/wp-json\/wp\/v2\/comments?post=2773"}],"version-history":[{"count":7,"href":"https:\/\/bocosurf.com\/de\/wp-json\/wp\/v2\/pages\/2773\/revisions"}],"predecessor-version":[{"id":3423,"href":"https:\/\/bocosurf.com\/de\/wp-json\/wp\/v2\/pages\/2773\/revisions\/3423"}],"wp:attachment":[{"href":"https:\/\/bocosurf.com\/de\/wp-json\/wp\/v2\/media?parent=2773"}],"curies":[{"name":"wp","href":"https:\/\/api.w.org\/{rel}","templated":true}]}}