{"id":2771,"date":"2023-12-08T15:32:32","date_gmt":"2023-12-08T14:32:32","guid":{"rendered":"https:\/\/bocosurf.com\/bo-co-news\/"},"modified":"2024-10-08T13:47:52","modified_gmt":"2024-10-08T11:47:52","slug":"bo-co-news","status":"publish","type":"page","link":"https:\/\/bocosurf.com\/de\/bo-co-news\/","title":{"rendered":"Bo &amp; Co News"},"content":{"rendered":"\t\t<div data-elementor-type=\"wp-page\" data-elementor-id=\"2771\" class=\"elementor elementor-2771 elementor-766\" data-elementor-post-type=\"page\">\n\t\t\t\t\t\t<section class=\"elementor-section elementor-top-section elementor-element elementor-element-79c0ba2 elementor-section-boxed elementor-section-height-default elementor-section-height-default\" data-id=\"79c0ba2\" data-element_type=\"section\" data-e-type=\"section\" data-settings=\"{&quot;background_background&quot;:&quot;classic&quot;}\">\n\t\t\t\t\t\t<div class=\"elementor-container elementor-column-gap-default\">\n\t\t\t\t\t<div class=\"elementor-column elementor-col-100 elementor-top-column elementor-element elementor-element-e241ece\" data-id=\"e241ece\" data-element_type=\"column\" data-e-type=\"column\">\n\t\t\t<div class=\"elementor-widget-wrap elementor-element-populated\">\n\t\t\t\t\t\t<div class=\"elementor-element elementor-element-f7bf57e cartblog elementor-grid-3 elementor-grid-tablet-2 elementor-grid-mobile-1 elementor-posts--thumbnail-top elementor-card-shadow-yes elementor-posts__hover-gradient elementor-widget elementor-widget-posts\" data-id=\"f7bf57e\" data-element_type=\"widget\" data-e-type=\"widget\" data-settings=\"{&quot;cards_columns&quot;:&quot;3&quot;,&quot;cards_columns_tablet&quot;:&quot;2&quot;,&quot;cards_columns_mobile&quot;:&quot;1&quot;,&quot;cards_row_gap&quot;:{&quot;unit&quot;:&quot;px&quot;,&quot;size&quot;:35,&quot;sizes&quot;:[]},&quot;cards_row_gap_tablet&quot;:{&quot;unit&quot;:&quot;px&quot;,&quot;size&quot;:&quot;&quot;,&quot;sizes&quot;:[]},&quot;cards_row_gap_mobile&quot;:{&quot;unit&quot;:&quot;px&quot;,&quot;size&quot;:&quot;&quot;,&quot;sizes&quot;:[]}}\" data-widget_type=\"posts.cards\">\n\t\t\t\t<div class=\"elementor-widget-container\">\n\t\t\t\t\t\t\t<div class=\"elementor-posts-container elementor-posts elementor-posts--skin-cards elementor-grid\" role=\"list\">\n\t\t\t\t<article class=\"elementor-post elementor-grid-item post-3217 post type-post status-publish format-standard has-post-thumbnail hentry category-unkategorisiert\" role=\"listitem\">\n\t\t\t<div class=\"elementor-post__card\">\n\t\t\t\t<a class=\"elementor-post__thumbnail__link\" href=\"https:\/\/bocosurf.com\/de\/eintauchen-in-die-natur-ausfluege-fuer-jugendliche-zur-sensibilisierung-fuer-die-umwelt-in-lacanau\/\" tabindex=\"-1\" ><div class=\"elementor-post__thumbnail\"><img fetchpriority=\"high\" decoding=\"async\" width=\"300\" height=\"225\" src=\"https:\/\/bocosurf.com\/wp-content\/uploads\/2025\/01\/sebastien-jermer-ty9WJiijYJ0-unsplash-300x225.jpg\" class=\"attachment-medium size-medium wp-image-3213\" alt=\"\" srcset=\"https:\/\/bocosurf.com\/wp-content\/uploads\/2025\/01\/sebastien-jermer-ty9WJiijYJ0-unsplash-300x225.jpg 300w, https:\/\/bocosurf.com\/wp-content\/uploads\/2025\/01\/sebastien-jermer-ty9WJiijYJ0-unsplash-1024x768.jpg 1024w, https:\/\/bocosurf.com\/wp-content\/uploads\/2025\/01\/sebastien-jermer-ty9WJiijYJ0-unsplash-768x576.jpg 768w, https:\/\/bocosurf.com\/wp-content\/uploads\/2025\/01\/sebastien-jermer-ty9WJiijYJ0-unsplash-1536x1152.jpg 1536w, https:\/\/bocosurf.com\/wp-content\/uploads\/2025\/01\/sebastien-jermer-ty9WJiijYJ0-unsplash-2048x1536.jpg 2048w\" sizes=\"(max-width: 300px) 100vw, 300px\" \/><\/div><\/a>\n\t\t\t\t<div class=\"elementor-post__text\">\n\t\t\t\t<h3 class=\"elementor-post__title\">\n\t\t\t<a href=\"https:\/\/bocosurf.com\/de\/eintauchen-in-die-natur-ausfluege-fuer-jugendliche-zur-sensibilisierung-fuer-die-umwelt-in-lacanau\/\" >\n\t\t\t\tEintauchen in die Natur: Ausfl\u00fcge zur Sensibilisierung f\u00fcr die Umwelt in Lacanau\t\t\t<\/a>\n\t\t<\/h3>\n\t\t\t\t<div class=\"elementor-post__excerpt\">\n\t\t\t<p>Umwelt : Entdecken, lernen, sch\u00fctzen Unsere Surfschule beschr\u00e4nkt sich nicht darauf, Gro\u00df und Klein in die Freuden des Gleitens einzuf\u00fchren. Es liegt uns am Herzen,<\/p>\n\t\t<\/div>\n\t\t\n\t\t<a class=\"elementor-post__read-more\" href=\"https:\/\/bocosurf.com\/de\/eintauchen-in-die-natur-ausfluege-fuer-jugendliche-zur-sensibilisierung-fuer-die-umwelt-in-lacanau\/\" aria-label=\"Read more about Eintauchen in die Natur: Ausfl\u00fcge zur Sensibilisierung f\u00fcr die Umwelt in Lacanau\" tabindex=\"-1\" >\n\t\t\tLesen Sie mehr \"\t\t<\/a>\n\n\t\t\t\t<\/div>\n\t\t\t\t<div class=\"elementor-post__meta-data\">\n\t\t\t\t\t<span class=\"elementor-post-date\">\n\t\t\t29. Januar 2025\t\t<\/span>\n\t\t\t\t<\/div>\n\t\t\t\t\t<\/div>\n\t\t<\/article>\n\t\t\t\t<article class=\"elementor-post elementor-grid-item post-2975 post type-post status-publish format-standard has-post-thumbnail hentry category-unkategorisiert\" role=\"listitem\">\n\t\t\t<div class=\"elementor-post__card\">\n\t\t\t\t<a class=\"elementor-post__thumbnail__link\" href=\"https:\/\/bocosurf.com\/de\/surfkurse-in-der-naehe-von-bordeaux-entdecken-sie-lacanau\/\" tabindex=\"-1\" ><div class=\"elementor-post__thumbnail\"><img decoding=\"async\" width=\"300\" height=\"134\" src=\"https:\/\/bocosurf.com\/wp-content\/uploads\/2024\/06\/Ecole-et-cours-de-surf-Bordeaux-300x134.jpeg\" class=\"attachment-medium size-medium wp-image-2751\" alt=\"\" srcset=\"https:\/\/bocosurf.com\/wp-content\/uploads\/2024\/06\/Ecole-et-cours-de-surf-Bordeaux-300x134.jpeg 300w, https:\/\/bocosurf.com\/wp-content\/uploads\/2024\/06\/Ecole-et-cours-de-surf-Bordeaux.jpeg 680w\" sizes=\"(max-width: 300px) 100vw, 300px\" \/><\/div><\/a>\n\t\t\t\t<div class=\"elementor-post__text\">\n\t\t\t\t<h3 class=\"elementor-post__title\">\n\t\t\t<a href=\"https:\/\/bocosurf.com\/de\/surfkurse-in-der-naehe-von-bordeaux-entdecken-sie-lacanau\/\" >\n\t\t\t\tSurfkurse in der N\u00e4he von Bordeaux: Entdecken Sie Lacanau!\t\t\t<\/a>\n\t\t<\/h3>\n\t\t\t\t<div class=\"elementor-post__excerpt\">\n\t\t\t<p>Entdecken Sie die Surfschule BO &amp; CO in der N\u00e4he von Bordeaux, die sich dem Surfen f\u00fcr alle Niveaus widmet. Die Schule wurde von begeisterten Surfern gegr\u00fcndet und bietet Kurse f\u00fcr Anf\u00e4nger und erfahrene Surfer mit zertifizierten Lehrern und hochwertiger Ausr\u00fcstung&#8230;. <\/p>\n\t\t<\/div>\n\t\t\n\t\t<a class=\"elementor-post__read-more\" href=\"https:\/\/bocosurf.com\/de\/surfkurse-in-der-naehe-von-bordeaux-entdecken-sie-lacanau\/\" aria-label=\"Read more about Surfkurse in der N\u00e4he von Bordeaux: Entdecken Sie Lacanau!\" tabindex=\"-1\" >\n\t\t\tLesen Sie mehr \"\t\t<\/a>\n\n\t\t\t\t<\/div>\n\t\t\t\t<div class=\"elementor-post__meta-data\">\n\t\t\t\t\t<span class=\"elementor-post-date\">\n\t\t\t9. Juni 2024\t\t<\/span>\n\t\t\t\t<\/div>\n\t\t\t\t\t<\/div>\n\t\t<\/article>\n\t\t\t\t<article class=\"elementor-post elementor-grid-item post-2967 post type-post status-publish format-standard has-post-thumbnail hentry category-unkategorisiert\" role=\"listitem\">\n\t\t\t<div class=\"elementor-post__card\">\n\t\t\t\t<a class=\"elementor-post__thumbnail__link\" href=\"https:\/\/bocosurf.com\/de\/warum-einen-surf-und-yogaurlaub-in-lacanau-ocean-machen\/\" tabindex=\"-1\" ><div class=\"elementor-post__thumbnail\"><img decoding=\"async\" width=\"300\" height=\"200\" src=\"https:\/\/bocosurf.com\/wp-content\/uploads\/2024\/05\/sejour-surf-et-yoga-outdoor-300x200.jpeg\" class=\"attachment-medium size-medium wp-image-2733\" alt=\"\" srcset=\"https:\/\/bocosurf.com\/wp-content\/uploads\/2024\/05\/sejour-surf-et-yoga-outdoor-300x200.jpeg 300w, https:\/\/bocosurf.com\/wp-content\/uploads\/2024\/05\/sejour-surf-et-yoga-outdoor-1024x682.jpeg 1024w, https:\/\/bocosurf.com\/wp-content\/uploads\/2024\/05\/sejour-surf-et-yoga-outdoor-768x512.jpeg 768w, https:\/\/bocosurf.com\/wp-content\/uploads\/2024\/05\/sejour-surf-et-yoga-outdoor-1536x1023.jpeg 1536w, https:\/\/bocosurf.com\/wp-content\/uploads\/2024\/05\/sejour-surf-et-yoga-outdoor.jpeg 1600w\" sizes=\"(max-width: 300px) 100vw, 300px\" \/><\/div><\/a>\n\t\t\t\t<div class=\"elementor-post__text\">\n\t\t\t\t<h3 class=\"elementor-post__title\">\n\t\t\t<a href=\"https:\/\/bocosurf.com\/de\/warum-einen-surf-und-yogaurlaub-in-lacanau-ocean-machen\/\" >\n\t\t\t\tWarum einen Surf- und Yogaurlaub in Lacanau Oc\u00e9an machen?\t\t\t<\/a>\n\t\t<\/h3>\n\t\t\t\t<div class=\"elementor-post__excerpt\">\n\t\t\t<p>Entdecken Sie, wie ein Surf- und Yogaurlaub Ihre t\u00e4gliche Leistung verbessert. Dieser Artikel zeigt Ihnen die Schl\u00fcsselelemente, die diese beiden Disziplinen verbinden&#8230; <\/p>\n\t\t<\/div>\n\t\t\n\t\t<a class=\"elementor-post__read-more\" href=\"https:\/\/bocosurf.com\/de\/warum-einen-surf-und-yogaurlaub-in-lacanau-ocean-machen\/\" aria-label=\"Read more about Warum einen Surf- und Yogaurlaub in Lacanau Oc\u00e9an machen?\" tabindex=\"-1\" >\n\t\t\tLesen Sie mehr \"\t\t<\/a>\n\n\t\t\t\t<\/div>\n\t\t\t\t<div class=\"elementor-post__meta-data\">\n\t\t\t\t\t<span class=\"elementor-post-date\">\n\t\t\t23. Mai 2024\t\t<\/span>\n\t\t\t\t<\/div>\n\t\t\t\t\t<\/div>\n\t\t<\/article>\n\t\t\t\t<article class=\"elementor-post elementor-grid-item post-2901 post type-post status-publish format-standard has-post-thumbnail hentry category-top3-de category-unkategorisiert\" role=\"listitem\">\n\t\t\t<div class=\"elementor-post__card\">\n\t\t\t\t<a class=\"elementor-post__thumbnail__link\" href=\"https:\/\/bocosurf.com\/de\/10-gute-gruende-fuer-einen-surfkurs-fuer-kinder\/\" tabindex=\"-1\" ><div class=\"elementor-post__thumbnail\"><img loading=\"lazy\" decoding=\"async\" width=\"300\" height=\"200\" src=\"https:\/\/bocosurf.com\/wp-content\/uploads\/2024\/04\/cours-de-surf-pour-enfants-a-lacanau-1-300x200.jpg\" class=\"attachment-medium size-medium wp-image-2725\" alt=\"\" srcset=\"https:\/\/bocosurf.com\/wp-content\/uploads\/2024\/04\/cours-de-surf-pour-enfants-a-lacanau-1-300x200.jpg 300w, https:\/\/bocosurf.com\/wp-content\/uploads\/2024\/04\/cours-de-surf-pour-enfants-a-lacanau-1-1024x683.jpg 1024w, https:\/\/bocosurf.com\/wp-content\/uploads\/2024\/04\/cours-de-surf-pour-enfants-a-lacanau-1-768x512.jpg 768w, https:\/\/bocosurf.com\/wp-content\/uploads\/2024\/04\/cours-de-surf-pour-enfants-a-lacanau-1-1536x1024.jpg 1536w, https:\/\/bocosurf.com\/wp-content\/uploads\/2024\/04\/cours-de-surf-pour-enfants-a-lacanau-1-2048x1365.jpg 2048w\" sizes=\"(max-width: 300px) 100vw, 300px\" \/><\/div><\/a>\n\t\t\t\t<div class=\"elementor-post__text\">\n\t\t\t\t<h3 class=\"elementor-post__title\">\n\t\t\t<a href=\"https:\/\/bocosurf.com\/de\/10-gute-gruende-fuer-einen-surfkurs-fuer-kinder\/\" >\n\t\t\t\t10 gute Gr\u00fcnde f\u00fcr einen Surfkurs f\u00fcr Kinder\t\t\t<\/a>\n\t\t<\/h3>\n\t\t\t\t<div class=\"elementor-post__excerpt\">\n\t\t\t<p>Surfen ist viel mehr als nur ein Sport! Surfkurse f\u00fcr Kinder sind ein au\u00dfergew\u00f6hnliches Abenteuer f\u00fcr Ihre kleinen Entdecker&#8230; <\/p>\n\t\t<\/div>\n\t\t\n\t\t<a class=\"elementor-post__read-more\" href=\"https:\/\/bocosurf.com\/de\/10-gute-gruende-fuer-einen-surfkurs-fuer-kinder\/\" aria-label=\"Read more about 10 gute Gr\u00fcnde f\u00fcr einen Surfkurs f\u00fcr Kinder\" tabindex=\"-1\" >\n\t\t\tLesen Sie mehr \"\t\t<\/a>\n\n\t\t\t\t<\/div>\n\t\t\t\t<div class=\"elementor-post__meta-data\">\n\t\t\t\t\t<span class=\"elementor-post-date\">\n\t\t\t24. April 2024\t\t<\/span>\n\t\t\t\t<\/div>\n\t\t\t\t\t<\/div>\n\t\t<\/article>\n\t\t\t\t<article class=\"elementor-post elementor-grid-item post-2824 post type-post status-publish format-standard has-post-thumbnail hentry category-top3-de category-unkategorisiert\" role=\"listitem\">\n\t\t\t<div class=\"elementor-post__card\">\n\t\t\t\t<a class=\"elementor-post__thumbnail__link\" href=\"https:\/\/bocosurf.com\/de\/gleiten-und-zusammenhalt-team-building-und-seminare-in-lacanau\/\" tabindex=\"-1\" ><div class=\"elementor-post__thumbnail\"><img loading=\"lazy\" decoding=\"async\" width=\"300\" height=\"200\" src=\"https:\/\/bocosurf.com\/wp-content\/uploads\/2024\/04\/team-building-a-lacanau-1-300x200.jpg\" class=\"attachment-medium size-medium wp-image-2717\" alt=\"\" srcset=\"https:\/\/bocosurf.com\/wp-content\/uploads\/2024\/04\/team-building-a-lacanau-1-300x200.jpg 300w, https:\/\/bocosurf.com\/wp-content\/uploads\/2024\/04\/team-building-a-lacanau-1-1024x683.jpg 1024w, https:\/\/bocosurf.com\/wp-content\/uploads\/2024\/04\/team-building-a-lacanau-1-768x512.jpg 768w, https:\/\/bocosurf.com\/wp-content\/uploads\/2024\/04\/team-building-a-lacanau-1-1536x1024.jpg 1536w, https:\/\/bocosurf.com\/wp-content\/uploads\/2024\/04\/team-building-a-lacanau-1-2048x1365.jpg 2048w\" sizes=\"(max-width: 300px) 100vw, 300px\" \/><\/div><\/a>\n\t\t\t\t<div class=\"elementor-post__text\">\n\t\t\t\t<h3 class=\"elementor-post__title\">\n\t\t\t<a href=\"https:\/\/bocosurf.com\/de\/gleiten-und-zusammenhalt-team-building-und-seminare-in-lacanau\/\" >\n\t\t\t\tGleiten und Zusammenhalt: Team Building und Seminare in Lacanau\t\t\t<\/a>\n\t\t<\/h3>\n\t\t\t\t<div class=\"elementor-post__excerpt\">\n\t\t\t<p>Sind Sie auf der Suche nach dem idealen Ort f\u00fcr ein unvergessliches Seminar oder eine Teambuilding-Aktivit\u00e4t? Entdecken Sie die Aktivit\u00e4ten in Lacanau&#8230; <\/p>\n\t\t<\/div>\n\t\t\n\t\t<a class=\"elementor-post__read-more\" href=\"https:\/\/bocosurf.com\/de\/gleiten-und-zusammenhalt-team-building-und-seminare-in-lacanau\/\" aria-label=\"Read more about Gleiten und Zusammenhalt: Team Building und Seminare in Lacanau\" tabindex=\"-1\" >\n\t\t\tLesen Sie mehr \"\t\t<\/a>\n\n\t\t\t\t<\/div>\n\t\t\t\t<div class=\"elementor-post__meta-data\">\n\t\t\t\t\t<span class=\"elementor-post-date\">\n\t\t\t14. April 2024\t\t<\/span>\n\t\t\t\t<\/div>\n\t\t\t\t\t<\/div>\n\t\t<\/article>\n\t\t\t\t<article class=\"elementor-post elementor-grid-item post-2828 post type-post status-publish format-standard has-post-thumbnail hentry category-unkategorisiert\" role=\"listitem\">\n\t\t\t<div class=\"elementor-post__card\">\n\t\t\t\t<a class=\"elementor-post__thumbnail__link\" href=\"https:\/\/bocosurf.com\/de\/warum-sie-einen-junggesellenabschied-in-bordeaux-lieben-werden\/\" tabindex=\"-1\" ><div class=\"elementor-post__thumbnail\"><img loading=\"lazy\" decoding=\"async\" width=\"300\" height=\"200\" src=\"https:\/\/bocosurf.com\/wp-content\/uploads\/2024\/04\/DSC_0293-300x200.jpg\" class=\"attachment-medium size-medium wp-image-2697\" alt=\"\" srcset=\"https:\/\/bocosurf.com\/wp-content\/uploads\/2024\/04\/DSC_0293-300x200.jpg 300w, https:\/\/bocosurf.com\/wp-content\/uploads\/2024\/04\/DSC_0293-1024x683.jpg 1024w, https:\/\/bocosurf.com\/wp-content\/uploads\/2024\/04\/DSC_0293-768x512.jpg 768w, https:\/\/bocosurf.com\/wp-content\/uploads\/2024\/04\/DSC_0293-1536x1024.jpg 1536w, https:\/\/bocosurf.com\/wp-content\/uploads\/2024\/04\/DSC_0293-2048x1365.jpg 2048w\" sizes=\"(max-width: 300px) 100vw, 300px\" \/><\/div><\/a>\n\t\t\t\t<div class=\"elementor-post__text\">\n\t\t\t\t<h3 class=\"elementor-post__title\">\n\t\t\t<a href=\"https:\/\/bocosurf.com\/de\/warum-sie-einen-junggesellenabschied-in-bordeaux-lieben-werden\/\" >\n\t\t\t\tWarum Sie einen Junggesellenabschied in Bordeaux lieben werden?\t\t\t<\/a>\n\t\t<\/h3>\n\t\t\t\t<div class=\"elementor-post__excerpt\">\n\t\t\t<p>Sie organisieren einen Junggesellenabschied in Bordeaux f\u00fcr Ihren besten Freund oder Ihre beste Freundin? Kombinieren Sie Surfen und Yoga in Lacanau Oc\u00e9an f\u00fcr ein unvergessliches Erlebnis&#8230; <\/p>\n\t\t<\/div>\n\t\t\n\t\t<a class=\"elementor-post__read-more\" href=\"https:\/\/bocosurf.com\/de\/warum-sie-einen-junggesellenabschied-in-bordeaux-lieben-werden\/\" aria-label=\"Read more about Warum Sie einen Junggesellenabschied in Bordeaux lieben werden?\" tabindex=\"-1\" >\n\t\t\tLesen Sie mehr \"\t\t<\/a>\n\n\t\t\t\t<\/div>\n\t\t\t\t<div class=\"elementor-post__meta-data\">\n\t\t\t\t\t<span class=\"elementor-post-date\">\n\t\t\t1. April 2024\t\t<\/span>\n\t\t\t\t<\/div>\n\t\t\t\t\t<\/div>\n\t\t<\/article>\n\t\t\t\t<article class=\"elementor-post elementor-grid-item post-2836 post type-post status-publish format-standard has-post-thumbnail hentry category-top3-de category-unkategorisiert\" role=\"listitem\">\n\t\t\t<div class=\"elementor-post__card\">\n\t\t\t\t<a class=\"elementor-post__thumbnail__link\" href=\"https:\/\/bocosurf.com\/de\/surf-camp-machen-sie-einen-surfkurs-in-lacanau-ocean-diesen-sommer\/\" tabindex=\"-1\" ><div class=\"elementor-post__thumbnail\"><img loading=\"lazy\" decoding=\"async\" width=\"300\" height=\"200\" src=\"https:\/\/bocosurf.com\/wp-content\/uploads\/2023\/12\/surfer-with-surfboard-walking-to-beach-lacanau-france-300x200.jpg\" class=\"attachment-medium size-medium wp-image-2629\" alt=\"\" srcset=\"https:\/\/bocosurf.com\/wp-content\/uploads\/2023\/12\/surfer-with-surfboard-walking-to-beach-lacanau-france-300x200.jpg 300w, https:\/\/bocosurf.com\/wp-content\/uploads\/2023\/12\/surfer-with-surfboard-walking-to-beach-lacanau-france-1024x684.jpg 1024w, https:\/\/bocosurf.com\/wp-content\/uploads\/2023\/12\/surfer-with-surfboard-walking-to-beach-lacanau-france-768x513.jpg 768w, https:\/\/bocosurf.com\/wp-content\/uploads\/2023\/12\/surfer-with-surfboard-walking-to-beach-lacanau-france-1536x1025.jpg 1536w, https:\/\/bocosurf.com\/wp-content\/uploads\/2023\/12\/surfer-with-surfboard-walking-to-beach-lacanau-france.jpg 2000w\" sizes=\"(max-width: 300px) 100vw, 300px\" \/><\/div><\/a>\n\t\t\t\t<div class=\"elementor-post__text\">\n\t\t\t\t<h3 class=\"elementor-post__title\">\n\t\t\t<a href=\"https:\/\/bocosurf.com\/de\/surf-camp-machen-sie-einen-surfkurs-in-lacanau-ocean-diesen-sommer\/\" >\n\t\t\t\tSurf Camp: Machen Sie einen Surfkurs in Lacanau Oc\u00e9an diesen Sommer\t\t\t<\/a>\n\t\t<\/h3>\n\t\t\t\t<div class=\"elementor-post__excerpt\">\n\t\t\t<p>Der Sommer kommt n\u00e4her und die sch\u00f6nen Tage sind schon da! Finden Sie heraus, wie man das beste Surfcamp in Lacanau Oc\u00e9an ausw\u00e4hlt und erleben Sie eine unvergessliche Erfahrung&#8230; <\/p>\n\t\t<\/div>\n\t\t\n\t\t<a class=\"elementor-post__read-more\" href=\"https:\/\/bocosurf.com\/de\/surf-camp-machen-sie-einen-surfkurs-in-lacanau-ocean-diesen-sommer\/\" aria-label=\"Read more about Surf Camp: Machen Sie einen Surfkurs in Lacanau Oc\u00e9an diesen Sommer\" tabindex=\"-1\" >\n\t\t\tLesen Sie mehr \"\t\t<\/a>\n\n\t\t\t\t<\/div>\n\t\t\t\t<div class=\"elementor-post__meta-data\">\n\t\t\t\t\t<span class=\"elementor-post-date\">\n\t\t\t21. M\u00e4rz 2024\t\t<\/span>\n\t\t\t\t<\/div>\n\t\t\t\t\t<\/div>\n\t\t<\/article>\n\t\t\t\t<article class=\"elementor-post elementor-grid-item post-2822 post type-post status-publish format-standard has-post-thumbnail hentry category-unkategorisiert\" role=\"listitem\">\n\t\t\t<div class=\"elementor-post__card\">\n\t\t\t\t<a class=\"elementor-post__thumbnail__link\" href=\"https:\/\/bocosurf.com\/de\/lust-auf-eine-flucht-aus-dem-alltag-die-5-vorteile-eines-surfausflugs\/\" tabindex=\"-1\" ><div class=\"elementor-post__thumbnail\"><img loading=\"lazy\" decoding=\"async\" width=\"300\" height=\"200\" src=\"https:\/\/bocosurf.com\/wp-content\/uploads\/2023\/12\/young-surfer-girl-1-300x200.jpg\" class=\"attachment-medium size-medium wp-image-2627\" alt=\"\" srcset=\"https:\/\/bocosurf.com\/wp-content\/uploads\/2023\/12\/young-surfer-girl-1-300x200.jpg 300w, https:\/\/bocosurf.com\/wp-content\/uploads\/2023\/12\/young-surfer-girl-1-1024x683.jpg 1024w, https:\/\/bocosurf.com\/wp-content\/uploads\/2023\/12\/young-surfer-girl-1-768x512.jpg 768w, https:\/\/bocosurf.com\/wp-content\/uploads\/2023\/12\/young-surfer-girl-1-1536x1024.jpg 1536w, https:\/\/bocosurf.com\/wp-content\/uploads\/2023\/12\/young-surfer-girl-1-2048x1365.jpg 2048w\" sizes=\"(max-width: 300px) 100vw, 300px\" \/><\/div><\/a>\n\t\t\t\t<div class=\"elementor-post__text\">\n\t\t\t\t<h3 class=\"elementor-post__title\">\n\t\t\t<a href=\"https:\/\/bocosurf.com\/de\/lust-auf-eine-flucht-aus-dem-alltag-die-5-vorteile-eines-surfausflugs\/\" >\n\t\t\t\tLust auf eine Flucht aus dem Alltag? Die 5 Vorteile eines Surfausflugs\t\t\t<\/a>\n\t\t<\/h3>\n\t\t\t\t<div class=\"elementor-post__excerpt\">\n\t\t\t<p>Wer hat nicht schon einmal davon getr\u00e4umt, wie Kelly Slater eine R\u00f6hre zu erkunden oder wie Filipe Todelo \u00fcber die Wellen zu fliegen? Machen Sie sich auf den Weg zu einem sensationellen Wochenende&#8230;<\/p>\n\t\t<\/div>\n\t\t\n\t\t<a class=\"elementor-post__read-more\" href=\"https:\/\/bocosurf.com\/de\/lust-auf-eine-flucht-aus-dem-alltag-die-5-vorteile-eines-surfausflugs\/\" aria-label=\"Read more about Lust auf eine Flucht aus dem Alltag? Die 5 Vorteile eines Surfausflugs\" tabindex=\"-1\" >\n\t\t\tLesen Sie mehr \"\t\t<\/a>\n\n\t\t\t\t<\/div>\n\t\t\t\t<div class=\"elementor-post__meta-data\">\n\t\t\t\t\t<span class=\"elementor-post-date\">\n\t\t\t18. Januar 2024\t\t<\/span>\n\t\t\t\t<\/div>\n\t\t\t\t\t<\/div>\n\t\t<\/article>\n\t\t\t\t<\/div>\n\t\t\n\t\t\t\t\t\t<\/div>\n\t\t\t\t<\/div>\n\t\t\t\t\t<\/div>\n\t\t<\/div>\n\t\t\t\t\t<\/div>\n\t\t<\/section>\n\t\t\t\t<\/div>\n\t\t","protected":false},"excerpt":{"rendered":"","protected":false},"author":1,"featured_media":0,"parent":0,"menu_order":0,"comment_status":"closed","ping_status":"closed","template":"elementor_header_footer","meta":{"footnotes":""},"class_list":["post-2771","page","type-page","status-publish","hentry"],"aioseo_notices":[],"_links":{"self":[{"href":"https:\/\/bocosurf.com\/de\/wp-json\/wp\/v2\/pages\/2771","targetHints":{"allow":["GET"]}}],"collection":[{"href":"https:\/\/bocosurf.com\/de\/wp-json\/wp\/v2\/pages"}],"about":[{"href":"https:\/\/bocosurf.com\/de\/wp-json\/wp\/v2\/types\/page"}],"author":[{"embeddable":true,"href":"https:\/\/bocosurf.com\/de\/wp-json\/wp\/v2\/users\/1"}],"replies":[{"embeddable":true,"href":"https:\/\/bocosurf.com\/de\/wp-json\/wp\/v2\/comments?post=2771"}],"version-history":[{"count":1,"href":"https:\/\/bocosurf.com\/de\/wp-json\/wp\/v2\/pages\/2771\/revisions"}],"predecessor-version":[{"id":2772,"href":"https:\/\/bocosurf.com\/de\/wp-json\/wp\/v2\/pages\/2771\/revisions\/2772"}],"wp:attachment":[{"href":"https:\/\/bocosurf.com\/de\/wp-json\/wp\/v2\/media?parent=2771"}],"curies":[{"name":"wp","href":"https:\/\/api.w.org\/{rel}","templated":true}]}}